{"id":565,"date":"2017-03-16T16:46:44","date_gmt":"2017-03-16T15:46:44","guid":{"rendered":"http:\/\/musedu.at\/?page_id=565\/"},"modified":"2020-05-29T18:52:08","modified_gmt":"2020-05-29T16:52:08","slug":"links","status":"publish","type":"page","link":"https:\/\/musedu.at\/de\/links\/","title":{"rendered":"Links"},"content":{"rendered":"<h2>Lokale Aktivit\u00e4ten<\/h2>\n<p><a href=\"https:\/\/www.meetup.com\/Vienna-Piano-Meetup\/\" target=\"_blank\" rel=\"noopener noreferrer\">Klaviergruppe \u201eVienna Piano Meetup\u201c<\/a><br \/>\nGruppe von Amateurpianisten in Wien, die sich regelm\u00e4\u00dfig zu informellen Vorspielen und anderen klavierbezogenen Aktivit\u00e4ten trifft. Alle Levels und Genres sind willkommen!<\/p>\n<p><a href=\"https:\/\/www.meetup.com\/Vienna-Classical-Music-Meetup\" target=\"_blank\" rel=\"noopener noreferrer\">Vienna Classical Music Meetup<br \/>\n<\/a>Gruppe von Hobbymusikern und Musikbegeisterten in Wien. \u00dcber diese Gruppe kann man sich zum gemeinsamen Musizieren, Konzertbesuchen und anderen musikbezogenen Unternehmungen treffen. Der Schwerpunkt liegt hierbei auf der klassischen Musik.<\/p>\n<p><a href=\"https:\/\/www.meetup.com\/klavier-salzburg\/\">Salzburg Piano Meetup<\/a><br \/>\nGruppe von Hobbypianisten in Salzburg, die sich in stressfreier Atmosph\u00e4re zum gemeinsamen Musizieren trifft.<\/p>\n<h2>Freies Notenmaterial<\/h2>\n<p><a href=\"http:\/\/imslp.org\/\" target=\"_blank\" rel=\"noopener noreferrer\">IMSLP\/Petrucci Music Library <\/a><br \/>\nRiesige Datenbank mit copyrightfreien Noten, die als PDF Version kostenlos heruntergeladen werden k\u00f6nnen.<\/p>\n<p><a href=\"https:\/\/www.flutetunes.com\/\" target=\"_blank\" rel=\"noopener noreferrer\">Flutetunes<\/a><br \/>\nKostenlose Noten (haupts\u00e4chlich Klassik) mit dem Schwerpunkt Querfl\u00f6te und Ensembles.<\/p>\n<p><a href=\"http:\/\/klavier-noten.com\/\" target=\"_blank\" rel=\"noopener noreferrer\">Klaviernoten<\/a><br \/>\nDeutschsprachige Website, die kostenlose Klaviernoten zur Verf\u00fcgung stellt (viele Stilrichtungen).<\/p>\n<p><span lang=\"en-GB\"><a href=\"https:\/\/www.mutopiaproject.org\/\" target=\"_blank\" rel=\"noopener noreferrer\">Mutopia Project<\/a><br \/>\n<\/span>Klassische Noten zum kostenlosen Download, basierend auf gemeinfreien Editionen und bereitgestellt von einem Team von Freiwilligen.<\/p>\n<p><a href=\"http:\/\/www.pianosociety.com\/\" target=\"_blank\" rel=\"noopener noreferrer\">Pianosociety<\/a><br \/>\nKostenlose Sammlung von \u00fcber 5600 klassischen Klavieraufnahmen, eingespielt von Profi-Pianisten und hervorragenden Amateuren. Umfasst eine Bandbreite von ber\u00fchmten und weniger bekannten klassischen Komponisten.<\/p>\n<h2>Kostenlose Onlinekurse<\/h2>\n<p>Viele Universit\u00e4ten bieten kostenlose, meist englischsprachige MOOCs (<em>massive open online courses<\/em>) zu einer Bandbreite von Themen an. Bei einigen Kursen gibt es feste Termine, andere sind dauerhaft online abrufbar. Die Teilnahme ist gratis, gegen eine zus\u00e4tzliche Geb\u00fchr kann oft ein Zertifikat erworben werden. Hier findest du eine kleine Auswahl zu musikbezogenen Onlinekursen:<\/p>\n<p><a href=\"https:\/\/www.coursera.org\/learn\/introclassicalmusic\" target=\"_blank\" rel=\"noopener noreferrer\">Introduction to classical music \u2013 Yale University <\/a><br \/>\nIn mehreren Folgen f\u00fchrt Prof. Craig Wright in die Geschichte der klassischen Musik ein, von Bach \u00fcber Mozart bis zu Puccinis Opern.<\/p>\n<p><a href=\"http:\/\/www.etsu.edu\/online\/openbucs\/music_1030.php\" target=\"_blank\" rel=\"noopener noreferrer\">Introduction to Music &#8211; East Tennessee State University <\/a><br \/>\nProf. Mary Dave Blackman gibt eine Einf\u00fchrung in die Entwicklung der klassischen Musik. Diese umfasst die wesentlichen Genres und Epochen sowie ihre Hauptwerke und wichtigsten Komponisten<\/p>\n<p><a href=\"https:\/\/www.coursera.org\/learn\/beethoven-piano-sonatas\" target=\"_blank\" rel=\"noopener noreferrer\">Exploring Beethoven&#8217;s Piano Sonatas (Teil 1-5) &#8211; Curtis Institute of Music<\/a><br \/>\nJonathan Biss bespricht in diesem mehrteiligen Kurs ausgew\u00e4hlte Beethovensonaten. Hierbei liegt der Schwerpunkt eher auf seiner pers\u00f6nlichen Interpretation als Pianist, weshalb der Kurs auch ohne musiktheoretisches Hintergrundwissen besucht werden kann.<\/p>\n<p><a href=\"https:\/\/www.coursera.org\/learn\/string-quartet\" target=\"_blank\" rel=\"noopener noreferrer\">The World of the String Quartet \u2013 Curtis Institute of Music<\/a><br \/>\nViolinist Arnold Steinhardt gibt einen Einblick in Geschichte und Repertoire von Streichquartetten.<\/p>\n<p><a href=\"https:\/\/www.kadenze.com\/courses\/reinventing-the-piano\/info\" target=\"_blank\" rel=\"noopener noreferrer\">Reinventing the Piano \u2013 Princeton University<\/a><br \/>\nDie Funktionsweise von Klavier und Fl\u00fcgel, Klang, Stimmung und Akustik etc. werden erl\u00e4utert. Auch auf verschiedene historische Vorl\u00e4ufer und Komponisten wie Scarlatti und Bach, sowie auf gegenw\u00e4rtige digitale Varianten und deren klangliche M\u00f6glichkeiten wird eingegangen.<\/p>\n<p><a href=\"https:\/\/www.coursera.org\/learn\/music-theory\" target=\"_blank\" rel=\"noopener noreferrer\">Getting started with music theory \u2013 Michigan State University<\/a><br \/>\nKurzer \u00dcberblick zur Musiktheorie f\u00fcr Einsteiger. Am Ende des Kurses sollten die Dur- und Molltonarten, Violin- und Bassschl\u00fcssel sowie Notenwerte bekannt sein.<\/p>\n<p><a href=\"https:\/\/www.coursera.org\/learn\/edinburgh-music-theory\" target=\"_blank\" rel=\"noopener noreferrer\">Fundamentals of Music Theory \u2013 The University of Edinburgh<\/a><br \/>\nEinf\u00fchrung in Musiktheorie, die zun\u00e4chst keine Vorkenntnisse voraussetzt. Da jedoch im Verlauf des Kurses zunehmend komplexere Analysen von St\u00fccken vorgenommen werden, richtet er sich auch an fortgeschrittene Teilnehmer.<\/p>\n<p><a href=\"https:\/\/www.coursera.org\/learn\/melodic-forms-simple-harmony\" target=\"_blank\" rel=\"noopener noreferrer\">Approaching Music Theory: Melodic Forms and Simple Harmony<\/a><br \/>\nDieser Kurs richtet sich an fortgeschrittenere Musiker und Komponisten, die bereits ein Verst\u00e4ndnis von Musiktheorie haben. Es wird nicht nur ein theoretisches Verst\u00e4ndnis vermittelt, sondern Musikbeispiele werden angeh\u00f6rt, analysiert &#8211; und selbst komponiert.<\/p>\n<p><a href=\"https:\/\/www.coursera.org\/learn\/classical-composition\" target=\"_blank\" rel=\"noopener noreferrer\">Write like Mozart \u2013 National University of Singapore<\/a><br \/>\nDieser fortgeschrittenere Kurs vermittelt Grundlagen und Stilmittel der Komposition. G\u00e4ngige Akkordfolgen und Stimmf\u00fchrung werden ebenso besprochen wie Repetition, Variationen, Verzierungen etc.<\/p>\n<p><a href=\"https:\/\/www.futurelearn.com\/courses\/musical-scores\" target=\"_blank\" rel=\"noopener noreferrer\">From Notation to Performance: Understanding Musical Scores &#8211; The Open University<\/a><br \/>\nAllgemeine Einf\u00fchrung in die Notation und Auff\u00fchrung von Musik f\u00fcr interessierte Laien, von einfachen St\u00fccken bis hin zu Orchesterpartituren. Im Zentrum stehen Werke von Mozart, Schubert, Beethoven und Mahler.<\/p>\n<h2>Musikurlaub f\u00fcr Amateure<\/h2>\n<p>Mittlerweile gibt es einige Anbieter, die sich auf Musikferien f\u00fcr erwachsene Amateurmusiker aller Instrumente und Niveaus spezialisiert haben.<\/p>\n<p><a href=\"https:\/\/musica-viva.de\/\" target=\"_blank\" rel=\"noopener noreferrer\">Musica Viva<\/a><br \/>\nGr\u00f6\u00dfter Anbieter von Musikferien im deutschsprachigen Raum. Seminarh\u00e4user in Deutschland und \u00d6sterreich, aber auch in der Toskana. Kurse f\u00fcr viele Instrumente, Ensembles und Gesang. Verschiedene Levels.<\/p>\n<p><a href=\"https:\/\/www.musicalchairs.info\/courses\" target=\"_blank\" rel=\"noopener noreferrer\">Musicalchairs <\/a><br \/>\nDie englischsprachige Plattform Musicalchairs listet neben Meisterkursen auch Musikkurse f\u00fcr Amateure in ganz Europa auf.<\/p>\n<p><a href=\"https:\/\/crosseyedpianist.com\/courses-for-pianists\/\" target=\"_blank\" rel=\"noopener noreferrer\">Kurse f\u00fcr Pianisten <\/a><br \/>\nDie Bloggerin Crosseyed Pianist hat eine umfassende und aktuelle Liste von Klavierkursen f\u00fcr Amateure aller Niveaus zusammengestellt.<\/p>","protected":false},"excerpt":{"rendered":"<p>Lokale Aktivit\u00e4ten Klaviergruppe \u201eVienna Piano Meetup\u201c Gruppe von Amateurpianisten in Wien, die sich regelm\u00e4\u00dfig zu informellen Vorspielen und anderen klavierbezogenen Aktivit\u00e4ten trifft. Alle Levels und Genres sind willkommen! Vienna Classical Music Meetup Gruppe von Hobbymusikern und Musikbegeisterten in Wien. \u00dcber diese Gruppe kann man sich zum gemeinsamen Musizieren, Konzertbesuchen und anderen musikbezogenen Unternehmungen treffen. Der &#8230; <a title=\"Links\" class=\"read-more\" href=\"https:\/\/musedu.at\/de\/links\/\" aria-label=\"Mehr zu Links\">Weiterlesen &#8230;<\/a><\/p>\n","protected":false},"author":1,"featured_media":0,"parent":0,"menu_order":0,"comment_status":"closed","ping_status":"closed","template":"","meta":{"_monsterinsights_skip_tracking":false,"_monsterinsights_sitenote_active":false,"_monsterinsights_sitenote_note":"","_monsterinsights_sitenote_category":0,"generate_page_header":"","footnotes":""},"_links":{"self":[{"href":"https:\/\/musedu.at\/de\/wp-json\/wp\/v2\/pages\/565"}],"collection":[{"href":"https:\/\/musedu.at\/de\/wp-json\/wp\/v2\/pages"}],"about":[{"href":"https:\/\/musedu.at\/de\/wp-json\/wp\/v2\/types\/page"}],"author":[{"embeddable":true,"href":"https:\/\/musedu.at\/de\/wp-json\/wp\/v2\/users\/1"}],"replies":[{"embeddable":true,"href":"https:\/\/musedu.at\/de\/wp-json\/wp\/v2\/comments?post=565"}],"version-history":[{"count":10,"href":"https:\/\/musedu.at\/de\/wp-json\/wp\/v2\/pages\/565\/revisions"}],"predecessor-version":[{"id":3546,"href":"https:\/\/musedu.at\/de\/wp-json\/wp\/v2\/pages\/565\/revisions\/3546"}],"wp:attachment":[{"href":"https:\/\/musedu.at\/de\/wp-json\/wp\/v2\/media?parent=565"}],"curies":[{"name":"wp","href":"https:\/\/api.w.org\/{rel}","templated":true}]}}