{"id":4537,"date":"2021-03-20T15:04:51","date_gmt":"2021-03-20T14:04:51","guid":{"rendered":"https:\/\/musedu.at\/mitgliederprofile\/"},"modified":"2024-12-19T15:19:25","modified_gmt":"2024-12-19T14:19:25","slug":"mitgliederprofile","status":"publish","type":"page","link":"https:\/\/musedu.at\/de\/mitgliederprofile\/","title":{"rendered":"Mitgliederprofile"},"content":{"rendered":"<p>Dies ist das Archiv der Mitgliederprofile des Vereins MUSEDU. Der Verein wurde im November 2024 aufgel\u00f6st. Die Profile k\u00f6nnen noch bis Ende 2024 abgerufen werden. Neuanmeldungen sind nicht mehr m\u00f6glich. Die ehemaligen Mitglieder \u2013 <strong>professionelle Musiklehrerinnen und Musiklehrer<\/strong> \u2013 arbeiten selbstst\u00e4ndig und auf eigene Rechnung.<\/p>\n\n\n\n<script type=\"text\/template\" id=\"tmpl-um-member-grid-0430e\">\n\t<div class=\"um-members um-members-grid\">\n\t\t<div class=\"um-gutter-sizer\"><\/div>\n\n\t\t<# if ( data.length > 0 ) { #>\n\t\t\t<# _.each( data, function( user, key, list ) { #>\n\n\t\t\t\t<div id=\"um-member-{{{user.card_anchor}}}-0430e\" class=\"um-member um-role-{{{user.role}}} {{{user.account_status}}} with-cover\">\n\n\t\t\t\t\t<span class=\"um-member-status {{{user.account_status}}}\">\n\t\t\t\t\t\t{{{user.account_status_name}}}\n\t\t\t\t\t<\/span>\n\n\t\t\t\t\t\t\t\t\t\t\t<div class=\"um-member-cover\" data-ratio=\"2.7:1\">\n\t\t\t\t\t\t\t<div class=\"um-member-cover-e\">\n\t\t\t\t\t\t\t\t<a href=\"{{{user.profile_url}}}\" title=\"<# if ( user.display_name ) { #>{{{user.display_name}}}<# } #>\">\n\t\t\t\t\t\t\t\t\t{{{user.cover_photo}}}\n\t\t\t\t\t\t\t\t<\/a>\n\t\t\t\t\t\t\t<\/div>\n\t\t\t\t\t\t<\/div>\n\t\t\t\t\t\t\t\t\t\t\t<div class=\"um-member-photo radius-1\">\n\t\t\t\t\t\t\t<a href=\"{{{user.profile_url}}}\" title=\"<# if ( user.display_name ) { #>{{{user.display_name}}}<# } #>\">\n\t\t\t\t\t\t\t\t{{{user.avatar}}}\n\t\t\t\t\t\t\t\t\t\t\t\t\t\t\t<\/a>\n\t\t\t\t\t\t<\/div>\n\t\t\t\t\t\n\n\t\t\t\t\t<div class=\"um-member-card \">\n\t\t\t\t\t\t\t\t\t\t\t\t\t<# if ( user.display_name_html ) { #>\n\t\t\t\t\t\t\t\t<div class=\"um-member-name\">\n\t\t\t\t\t\t\t\t\t<a href=\"{{{user.profile_url}}}\" title=\"{{{user.display_name}}}\">\n\t\t\t\t\t\t\t\t\t\t{{{user.display_name_html}}}\n\t\t\t\t\t\t\t\t\t<\/a>\n\t\t\t\t\t\t\t\t<\/div>\n\t\t\t\t\t\t\t<# } #>\n\t\t\t\t\t\t\t\t\t\t\t\t{{{user.hook_just_after_name}}}\n\n\n\t\t\t\t\t\t<# if ( user.can_edit ) { #>\n\t\t\t\t\t\t\t<div class=\"um-members-edit-btn\">\n\t\t\t\t\t\t\t\t<a href=\"{{{user.edit_profile_url}}}\" class=\"um-edit-profile-btn um-button um-alt\">\n\t\t\t\t\t\t\t\t\tProfil bearbeiten\t\t\t\t\t\t\t\t<\/a>\n\t\t\t\t\t\t\t<\/div>\n\t\t\t\t\t\t<# } #>\n\n\n\t\t\t\t\t\t\t\t\t\t\t\t{{{user.hook_after_user_name}}}\n\n\n\t\t\t\t\t\t\n\t\t\t\t\t\t\t\t<# if ( typeof user['instruments'] !== 'undefined' ) { #>\n\t\t\t\t\t\t\t\t\t<div class=\"um-member-tagline um-member-tagline-instruments\"\n\t\t\t\t\t\t\t\t\t     data-key=\"instruments\">\n\t\t\t\t\t\t\t\t\t\t{{{user['instruments']}}}\n\t\t\t\t\t\t\t\t\t<\/div>\n\t\t\t\t\t\t\t\t<# } #>\n\n\t\t\t\t\t\t\t\n\t\t\t\t\t<\/div>\n\t\t\t\t<\/div>\n\n\t\t\t<# }); #>\n\t\t<# } else { #>\n\n\t\t\t<div class=\"um-members-none\">\n\t\t\t\t<p><\/p>\n\t\t\t<\/div>\n\n\t\t<# } #>\n\n\t\t<div class=\"um-clear\"><\/div>\n\t<\/div>\n<\/script>\n\n<script type=\"text\/template\" id=\"tmpl-um-member-list-0430e\">\n\t<div class=\"um-members um-members-list\">\n\n\t\t<# if ( data.length > 0 ) { #>\n\t\t\t<# _.each( data, function( user, key, list ) { #>\n\n\t\t\t\t<div id=\"um-member-{{{user.card_anchor}}}-0430e\" class=\"um-member um-role-{{{user.role}}} {{{user.account_status}}} with-cover\">\n\t\t\t\t\t<span class=\"um-member-status {{{user.account_status}}}\">\n\t\t\t\t\t\t{{{user.account_status_name}}}\n\t\t\t\t\t<\/span>\n\t\t\t\t\t<div class=\"um-member-card-container\">\n\t\t\t\t\t\t\t\t\t\t\t\t\t<div class=\"um-member-photo radius-1\">\n\t\t\t\t\t\t\t\t<a href=\"{{{user.profile_url}}}\" title=\"<# if ( user.display_name ) { #>{{{user.display_name}}}<# } #>\">\n\t\t\t\t\t\t\t\t\t{{{user.avatar}}}\n\n\t\t\t\t\t\t\t\t\t\t\t\t\t\t\t\t\t<\/a>\n\t\t\t\t\t\t\t<\/div>\n\t\t\t\t\t\t\n\t\t\t\t\t\t<div class=\"um-member-card \">\n\t\t\t\t\t\t\t<div class=\"um-member-card-content\">\n\t\t\t\t\t\t\t\t<div class=\"um-member-card-header\">\n\t\t\t\t\t\t\t\t\t\t\t\t\t\t\t\t\t\t\t<# if ( user.display_name_html ) { #>\n\t\t\t\t\t\t\t\t\t\t\t<div class=\"um-member-name\">\n\t\t\t\t\t\t\t\t\t\t\t\t<a href=\"{{{user.profile_url}}}\" title=\"<# if ( user.display_name ) { #>{{{user.display_name}}}<# } #>\">\n\t\t\t\t\t\t\t\t\t\t\t\t\t{{{user.display_name_html}}}\n\t\t\t\t\t\t\t\t\t\t\t\t<\/a>\n\t\t\t\t\t\t\t\t\t\t\t<\/div>\n\t\t\t\t\t\t\t\t\t\t<# } #>\n\t\t\t\t\t\t\t\t\t\n\t\t\t\t\t\t\t\t\t{{{user.hook_just_after_name}}}\n\n\t\t\t\t\t\t\t\t\t\n\t\t\t\t\t\t\t\t\t{{{user.hook_after_user_name}}}\n\t\t\t\t\t\t\t\t<\/div>\n\n\t\t\t\t\t\t\t\t\n\t\t\t\t\t\t\t\t\t\t<# if ( typeof user['instruments'] !== 'undefined' ) { #>\n\t\t\t\t\t\t\t\t\t\t\t<div class=\"um-member-tagline um-member-tagline-instruments\"\n\t\t\t\t\t\t\t\t\t\t\t     data-key=\"instruments\">\n\t\t\t\t\t\t\t\t\t\t\t\t{{{user['instruments']}}}\n\t\t\t\t\t\t\t\t\t\t\t<\/div>\n\t\t\t\t\t\t\t\t\t\t<# } #>\n\n\t\t\t\t\t\t\t\t\t\t\t\t\t\t\t\t<\/div>\n\n\t\t\t\t\t\t\t<div class=\"um-member-card-actions\">\n\n\t\t\t\t\t\t\t\t<# if ( Object.keys( user.dropdown_actions ).length > 0 ) { #>\n\t\t\t\t\t\t\t\t\t<div class=\"um-member-cog\">\n\t\t\t\t\t\t\t\t\t\t<a href=\"javascript:void(0);\" class=\"um-member-actions-a\">\n\t\t\t\t\t\t\t\t\t\t\t<i class=\"um-faicon-cog\"><\/i>\n\t\t\t\t\t\t\t\t\t\t<\/a>\n\t\t\t\t\t\t\t\t\t\t\n\t\t\t<div class=\"um-new-dropdown\" data-element=\".um-member-cog\" data-trigger=\"click\" data-parent=\"\">\n\t\t\t\t<ul>\n\t\t\t\t\t<# _.each( user.dropdown_actions, function( action, key, list ) { #>\n\t\t\t\t\t\t<li><a href=\"<# if ( typeof action.url != 'undefined' ) { #>{{{action.url}}}<# } else { #>javascript:void(0);<# }#>\" class=\"{{{key}}}\">{{{action.title}}}<\/a><\/li>\n\t\t\t\t\t<# }); #>\n\t\t\t\t<\/ul>\n\t\t\t<\/div>\n\n\t\t\t\t\t\t\t\t\t\t\t\t<\/div>\n\t\t\t\t\t\t\t\t<# } #>\n\n\t\t\t\t\t\t\t<\/div>\n\n\t\t\t\t\t\t<\/div>\n\t\t\t\t\t<\/div>\n\t\t\t\t\t<div class=\"um-member-card-footer  \">\n\n\t\t\t\t\t\t<div class=\"um-member-card-footer-buttons\">\n\t\t\t\t\t\t\t\t\t\t\t\t\t<\/div>\n\n\t\t\t\t\t\t\t\t\t\t\t<\/div>\n\t\t\t\t<\/div>\n\n\t\t\t<# }); #>\n\t\t<# } else { #>\n\n\t\t\t<div class=\"um-members-none\">\n\t\t\t\t<p><\/p>\n\t\t\t<\/div>\n\n\t\t<# } #>\n\n\t<\/div>\n<\/script>\n\n\n<script type=\"text\/template\" id=\"tmpl-um-members-header\">\n\t<div class=\"um-members-intro\">\n\t\t<div class=\"um-members-total\">\n\t\t\t<# if ( data.pagination.total_users == 1 ) { #>\n\t\t\t\t{{{data.pagination.header_single}}}\n\t\t\t<# } else if ( data.pagination.total_users > 1 ) { #>\n\t\t\t\t{{{data.pagination.header}}}\n\t\t\t<# } #>\n\t\t<\/div>\n\t<\/div>\n\n\t<div class=\"um-clear\"><\/div>\n<\/script>\n\n\n<script type=\"text\/template\" id=\"tmpl-um-members-pagination\">\n\t<# if ( data.pagination.pages_to_show.length > 0 ) { #>\n\t\t<div class=\"um-members-pagidrop uimob340-show uimob500-show\">\n\t\t\tGehe zu Seite:\t\t\t<select class=\"um-s2 um-members-pagi-dropdown\" style=\"width: 100px;display:inline-block;\">\n\t\t\t\t<# _.each( data.pagination.pages_to_show, function( page, key, list ) { #>\n\t\t\t\t\t<option value=\"{{{page}}}\" <# if ( page == data.pagination.current_page ) { #>selected<# } #>>{{{page}}} von {{{data.pagination.total_pages}}}<\/option>\n\t\t\t\t<# }); #>\n\t\t\t<\/select>\n\t\t<\/div>\n\n\t\t<div class=\"um-members-pagi uimob340-hide uimob500-hide\">\n\t\t\t<span class=\"pagi pagi-arrow <# if ( data.pagination.current_page == 1 ) { #>disabled<# } #>\" data-page=\"first\" aria-label=\"Erste Seite\"><i class=\"um-faicon-angle-double-left\"><\/i><\/span>\n\t\t\t<span class=\"pagi pagi-arrow <# if ( data.pagination.current_page == 1 ) { #>disabled<# } #>\" data-page=\"prev\" aria-label=\"Vorherige Seite\"><i class=\"um-faicon-angle-left\"><\/i><\/span>\n\n\t\t\t<# _.each( data.pagination.pages_to_show, function( page, key, list ) { #>\n\t\t\t\t<span class=\"pagi <# if ( page == data.pagination.current_page ) { #>current<# } #>\" data-page=\"{{{page}}}\">{{{page}}}<\/span>\n\t\t\t<# }); #>\n\n\t\t\t<span class=\"pagi pagi-arrow <# if ( data.pagination.current_page == data.pagination.total_pages ) { #>disabled<# } #>\" data-page=\"next\" aria-label=\"N\u00e4chste Seite\"><i class=\"um-faicon-angle-right\"><\/i><\/span>\n\t\t\t<span class=\"pagi pagi-arrow <# if ( data.pagination.current_page == data.pagination.total_pages ) { #>disabled<# } #>\" data-page=\"last\" aria-label=\"Letzte Seite\"><i class=\"um-faicon-angle-double-right\"><\/i><\/span>\n\t\t<\/div>\n\t<# } #>\n<\/script>\n\n<div class=\"um um-directory um-0430e\"\n\t data-hash=\"0430e\" data-base-post=\"4537\"\n\t data-must-search=\"0\" data-searched=\"1\"\n\t data-view_type=\"grid\" data-page=\"1\"\n\t data-sorting=\"\">\n\t<div class=\"um-members-overlay\"><div class=\"um-ajax-loading\"><\/div><\/div>\n\n\t<div class=\"um-member-directory-header um-form\">\n\n\t\t\n\t\t\t\t\t<div class=\"um-member-directory-header-row um-member-directory-search-row\">\n\t\t\t\t<div class=\"um-member-directory-search-line\">\n\t\t\t\t\t<label>\n\t\t\t\t\t\t<span>Suchen:<\/span>\n\t\t\t\t\t\t<input type=\"search\" class=\"um-search-line\" placeholder=\"Suche\"  value=\"\" aria-label=\"Suche\" speech \/>\n\t\t\t\t\t<\/label>\n\t\t\t\t\t<input type=\"button\" class=\"um-do-search um-button\" value=\"Suche\" \/>\n\t\t\t\t<\/div>\n\t\t\t<\/div>\n\t\t\t\t\t\t<div class=\"um-member-directory-header-row\">\n\t\t\t\t<div class=\"um-member-directory-nav-line\">\n\t\t\t\t\t\t\t\t\t\t\t\t\t\t<span class=\"um-member-directory-view-type\">\n\t\t\t\t\t\t\t\t\t\n\t\t\t\t\t\t\t\t<a href=\"javascript:void(0)\"\n\t\t\t\t\t\t\t\t\tclass=\"um-member-directory-view-type-a um-tip-n\"\n\t\t\t\t\t\t\t\t\tdata-type=\"grid\"\n\t\t\t\t\t\t\t\t\tdata-default=\"1\"\n\t\t\t\t\t\t\t\t\ttitle=\"Auf Raster \u00e4ndern\"\n\t\t\t\t\t\t\t\t\tdefault-title=\"Raster\"\n\t\t\t\t\t\t\t\t\tnext-item=\"\" ><i class=\"um-faicon-th\"><\/i><\/a>\n\t\t\t\t\t\t\t\t\n\t\t\t\t\t\t\t\t<a href=\"javascript:void(0)\"\n\t\t\t\t\t\t\t\t\tclass=\"um-member-directory-view-type-a um-tip-n\"\n\t\t\t\t\t\t\t\t\tdata-type=\"list\"\n\t\t\t\t\t\t\t\t\tdata-default=\"0\"\n\t\t\t\t\t\t\t\t\ttitle=\"Auf Liste \u00e4ndern\"\n\t\t\t\t\t\t\t\t\tdefault-title=\"Liste\"\n\t\t\t\t\t\t\t\t\tnext-item=\"\" ><i class=\"um-faicon-list\"><\/i><\/a>\n\t\t\t\t\t\t\t\t\t\t\t\t\t\t\t<\/span>\n\t\t\t\t\t\t\t\t\t\t\t\t\t<span class=\"um-member-directory-filters\">\n\t\t\t\t\t\t\t<span class=\"um-member-directory-filters-a um-member-directory-filters-visible\">\n\t\t\t\t\t\t\t\t<a href=\"javascript:void(0);\">\n\t\t\t\t\t\t\t\t\tWeitere Filter\t\t\t\t\t\t\t\t<\/a>\n\t\t\t\t\t\t\t\t&nbsp;<i class=\"um-faicon-caret-down\"><\/i><i class=\"um-faicon-caret-up\"><\/i>\n\t\t\t\t\t\t\t<\/span>\n\t\t\t\t\t\t<\/span>\n\t\t\t\t\t\t\t\t\t<\/div>\n\t\t\t<\/div>\n\t\t\n\n\t\t\t\t\t\t<script type=\"text\/template\" id=\"tmpl-um-members-filtered-line\">\n\t\t\t\t\t<# if ( data.filters.length > 0 ) { #>\n\t\t\t\t\t\t<# _.each( data.filters, function( filter, key, list ) { #>\n\t\t\t\t\t\t\t<div class=\"um-members-filter-tag\">\n\t\t\t\t\t\t\t\t<# if ( filter.type == 'slider' ) { #>\n\t\t\t\t\t\t\t\t\t{{{filter.value_label}}}\n\t\t\t\t\t\t\t\t<# } else { #>\n\t\t\t\t\t\t\t\t\t<strong>{{{filter.label}}}<\/strong>: {{{filter.value_label}}}\n\t\t\t\t\t\t\t\t<# } #>\n\t\t\t\t\t\t\t\t<div class=\"um-members-filter-remove um-tip-n\" data-name=\"{{{filter.name}}}\"\n\t\t\t\t\t\t\t\t\t data-value=\"{{{filter.value}}}\" data-range=\"{{{filter.range}}}\"\n\t\t\t\t\t\t\t\t\t data-type=\"{{{filter.type}}}\" title=\"Filter entfernen\">&times;<\/div>\n\t\t\t\t\t\t\t<\/div>\n\t\t\t\t\t\t<# }); #>\n\t\t\t\t\t<# } #>\n\t\t\t\t<\/script>\n\n\t\t\t\t<div class=\"um-member-directory-header-row um-member-directory-filters-bar\">\n\t\t\t\t\t<div class=\"um-search um-search-6\">\n\t\t\t\t\t\t\n\t\t\t\t\t\t\t<div class=\"um-search-filter um-select-filter-type \">\n\t\t\t\t\t\t\t\t\n\t\t\t\t\t<select class=\"um-s1\" id=\"instruments\" name=\"instruments\"\n\t\t\t\t\t\t\tdata-placeholder=\"Instruments\"\n\t\t\t\t\t\t\taria-label=\"Instruments\"\n\t\t\t\t\t\t\t\t\t\t\t\t\t>\n\n\t\t\t\t\t\t<option><\/option>\n\n\t\t\t\t\t\t\n\t\t\t\t\t\t\t\t<option value=\"Accordion\" data-value_label=\"Accordion\"\n\t\t\t\t\t\t\t\t\t>\n\t\t\t\t\t\t\t\t\tAccordion\t\t\t\t\t\t\t\t<\/option>\n\n\t\t\t\t\t\t\t\n\t\t\t\t\t\t\t\t<option value=\"Cello\" data-value_label=\"Cello\"\n\t\t\t\t\t\t\t\t\t>\n\t\t\t\t\t\t\t\t\tCello\t\t\t\t\t\t\t\t<\/option>\n\n\t\t\t\t\t\t\t\n\t\t\t\t\t\t\t\t<option value=\"Clarinet\" data-value_label=\"Clarinet\"\n\t\t\t\t\t\t\t\t\t>\n\t\t\t\t\t\t\t\t\tClarinet\t\t\t\t\t\t\t\t<\/option>\n\n\t\t\t\t\t\t\t\n\t\t\t\t\t\t\t\t<option value=\"Correpetition\" data-value_label=\"Correpetition\"\n\t\t\t\t\t\t\t\t\t>\n\t\t\t\t\t\t\t\t\tCorrepetition\t\t\t\t\t\t\t\t<\/option>\n\n\t\t\t\t\t\t\t\n\t\t\t\t\t\t\t\t<option value=\"Drums\" data-value_label=\"Drums\"\n\t\t\t\t\t\t\t\t\t>\n\t\t\t\t\t\t\t\t\tDrums\t\t\t\t\t\t\t\t<\/option>\n\n\t\t\t\t\t\t\t\n\t\t\t\t\t\t\t\t<option value=\"Electric Bass\" data-value_label=\"Electric Bass\"\n\t\t\t\t\t\t\t\t\t>\n\t\t\t\t\t\t\t\t\tElectric Bass\t\t\t\t\t\t\t\t<\/option>\n\n\t\t\t\t\t\t\t\n\t\t\t\t\t\t\t\t<option value=\"Electric Guitar\" data-value_label=\"Electric Guitar\"\n\t\t\t\t\t\t\t\t\t>\n\t\t\t\t\t\t\t\t\tElectric Guitar\t\t\t\t\t\t\t\t<\/option>\n\n\t\t\t\t\t\t\t\n\t\t\t\t\t\t\t\t<option value=\"Flute\" data-value_label=\"Flute\"\n\t\t\t\t\t\t\t\t\t>\n\t\t\t\t\t\t\t\t\tFlute\t\t\t\t\t\t\t\t<\/option>\n\n\t\t\t\t\t\t\t\n\t\t\t\t\t\t\t\t<option value=\"Guitar\" data-value_label=\"Guitar\"\n\t\t\t\t\t\t\t\t\t>\n\t\t\t\t\t\t\t\t\tGuitar\t\t\t\t\t\t\t\t<\/option>\n\n\t\t\t\t\t\t\t\n\t\t\t\t\t\t\t\t<option value=\"Harmonica\" data-value_label=\"Harmonica\"\n\t\t\t\t\t\t\t\t\t>\n\t\t\t\t\t\t\t\t\tHarmonica\t\t\t\t\t\t\t\t<\/option>\n\n\t\t\t\t\t\t\t\n\t\t\t\t\t\t\t\t<option value=\"Harp\" data-value_label=\"Harp\"\n\t\t\t\t\t\t\t\t\t>\n\t\t\t\t\t\t\t\t\tHarp\t\t\t\t\t\t\t\t<\/option>\n\n\t\t\t\t\t\t\t\n\t\t\t\t\t\t\t\t<option value=\"Horn\" data-value_label=\"Horn\"\n\t\t\t\t\t\t\t\t\t>\n\t\t\t\t\t\t\t\t\tHorn\t\t\t\t\t\t\t\t<\/option>\n\n\t\t\t\t\t\t\t\n\t\t\t\t\t\t\t\t<option value=\"Keyboard\" data-value_label=\"Keyboard\"\n\t\t\t\t\t\t\t\t\t>\n\t\t\t\t\t\t\t\t\tKeyboard\t\t\t\t\t\t\t\t<\/option>\n\n\t\t\t\t\t\t\t\n\t\t\t\t\t\t\t\t<option value=\"Piano\" data-value_label=\"Piano\"\n\t\t\t\t\t\t\t\t\t>\n\t\t\t\t\t\t\t\t\tPiano\t\t\t\t\t\t\t\t<\/option>\n\n\t\t\t\t\t\t\t\n\t\t\t\t\t\t\t\t<option value=\"Recorder\" data-value_label=\"Recorder\"\n\t\t\t\t\t\t\t\t\t>\n\t\t\t\t\t\t\t\t\tRecorder\t\t\t\t\t\t\t\t<\/option>\n\n\t\t\t\t\t\t\t\n\t\t\t\t\t\t\t\t<option value=\"Saxophone\" data-value_label=\"Saxophone\"\n\t\t\t\t\t\t\t\t\t>\n\t\t\t\t\t\t\t\t\tSaxophone\t\t\t\t\t\t\t\t<\/option>\n\n\t\t\t\t\t\t\t\n\t\t\t\t\t\t\t\t<option value=\"String Bass\" data-value_label=\"String Bass\"\n\t\t\t\t\t\t\t\t\t>\n\t\t\t\t\t\t\t\t\tString Bass\t\t\t\t\t\t\t\t<\/option>\n\n\t\t\t\t\t\t\t\n\t\t\t\t\t\t\t\t<option value=\"Trombone\" data-value_label=\"Trombone\"\n\t\t\t\t\t\t\t\t\t>\n\t\t\t\t\t\t\t\t\tTrombone\t\t\t\t\t\t\t\t<\/option>\n\n\t\t\t\t\t\t\t\n\t\t\t\t\t\t\t\t<option value=\"Trumpet\" data-value_label=\"Trumpet\"\n\t\t\t\t\t\t\t\t\t>\n\t\t\t\t\t\t\t\t\tTrumpet\t\t\t\t\t\t\t\t<\/option>\n\n\t\t\t\t\t\t\t\n\t\t\t\t\t\t\t\t<option value=\"Viola\" data-value_label=\"Viola\"\n\t\t\t\t\t\t\t\t\t>\n\t\t\t\t\t\t\t\t\tViola\t\t\t\t\t\t\t\t<\/option>\n\n\t\t\t\t\t\t\t\n\t\t\t\t\t\t\t\t<option value=\"Violin\" data-value_label=\"Violin\"\n\t\t\t\t\t\t\t\t\t>\n\t\t\t\t\t\t\t\t\tViolin\t\t\t\t\t\t\t\t<\/option>\n\n\t\t\t\t\t\t\t\n\t\t\t\t\t\t\t\t<option value=\"Vocals\" data-value_label=\"Vocals\"\n\t\t\t\t\t\t\t\t\t>\n\t\t\t\t\t\t\t\t\tVocals\t\t\t\t\t\t\t\t<\/option>\n\n\t\t\t\t\t\t\t\n\t\t\t\t\t\t\t\t<option value=\"Zither\" data-value_label=\"Zither\"\n\t\t\t\t\t\t\t\t\t>\n\t\t\t\t\t\t\t\t\tZither\t\t\t\t\t\t\t\t<\/option>\n\n\t\t\t\t\t\t\t\n\t\t\t\t\t<\/select>\n\n\t\t\t\t\t\t\t\t\t\t\t\t<\/div>\n\n\t\t\t\t\t\t\t\n\t\t\t\t\t\t\t<div class=\"um-search-filter um-select-filter-type um-search-filter-2\">\n\t\t\t\t\t\t\t\t\n\t\t\t\t\t<select class=\"um-s1\" id=\"genres\" name=\"genres\"\n\t\t\t\t\t\t\tdata-placeholder=\"Genres\"\n\t\t\t\t\t\t\taria-label=\"Genres\"\n\t\t\t\t\t\t\t\t\t\t\t\t\t>\n\n\t\t\t\t\t\t<option><\/option>\n\n\t\t\t\t\t\t\n\t\t\t\t\t\t\t\t<option value=\"Alternative\" data-value_label=\"Alternative\"\n\t\t\t\t\t\t\t\t\t>\n\t\t\t\t\t\t\t\t\tAlternative\t\t\t\t\t\t\t\t<\/option>\n\n\t\t\t\t\t\t\t\n\t\t\t\t\t\t\t\t<option value=\"Blues\" data-value_label=\"Blues\"\n\t\t\t\t\t\t\t\t\t>\n\t\t\t\t\t\t\t\t\tBlues\t\t\t\t\t\t\t\t<\/option>\n\n\t\t\t\t\t\t\t\n\t\t\t\t\t\t\t\t<option value=\"Classical\" data-value_label=\"Classical\"\n\t\t\t\t\t\t\t\t\t>\n\t\t\t\t\t\t\t\t\tClassical\t\t\t\t\t\t\t\t<\/option>\n\n\t\t\t\t\t\t\t\n\t\t\t\t\t\t\t\t<option value=\"Country Music\" data-value_label=\"Country Music\"\n\t\t\t\t\t\t\t\t\t>\n\t\t\t\t\t\t\t\t\tCountry Music\t\t\t\t\t\t\t\t<\/option>\n\n\t\t\t\t\t\t\t\n\t\t\t\t\t\t\t\t<option value=\"Electronic\" data-value_label=\"Electronic\"\n\t\t\t\t\t\t\t\t\t>\n\t\t\t\t\t\t\t\t\tElectronic\t\t\t\t\t\t\t\t<\/option>\n\n\t\t\t\t\t\t\t\n\t\t\t\t\t\t\t\t<option value=\"Folk\" data-value_label=\"Folk\"\n\t\t\t\t\t\t\t\t\t>\n\t\t\t\t\t\t\t\t\tFolk\t\t\t\t\t\t\t\t<\/option>\n\n\t\t\t\t\t\t\t\n\t\t\t\t\t\t\t\t<option value=\"Improvisation\" data-value_label=\"Improvisation\"\n\t\t\t\t\t\t\t\t\t>\n\t\t\t\t\t\t\t\t\tImprovisation\t\t\t\t\t\t\t\t<\/option>\n\n\t\t\t\t\t\t\t\n\t\t\t\t\t\t\t\t<option value=\"Jazz\" data-value_label=\"Jazz\"\n\t\t\t\t\t\t\t\t\t>\n\t\t\t\t\t\t\t\t\tJazz\t\t\t\t\t\t\t\t<\/option>\n\n\t\t\t\t\t\t\t\n\t\t\t\t\t\t\t\t<option value=\"Latin Music\" data-value_label=\"Latin Music\"\n\t\t\t\t\t\t\t\t\t>\n\t\t\t\t\t\t\t\t\tLatin Music\t\t\t\t\t\t\t\t<\/option>\n\n\t\t\t\t\t\t\t\n\t\t\t\t\t\t\t\t<option value=\"Metal\" data-value_label=\"Metal\"\n\t\t\t\t\t\t\t\t\t>\n\t\t\t\t\t\t\t\t\tMetal\t\t\t\t\t\t\t\t<\/option>\n\n\t\t\t\t\t\t\t\n\t\t\t\t\t\t\t\t<option value=\"Opera\" data-value_label=\"Opera\"\n\t\t\t\t\t\t\t\t\t>\n\t\t\t\t\t\t\t\t\tOpera\t\t\t\t\t\t\t\t<\/option>\n\n\t\t\t\t\t\t\t\n\t\t\t\t\t\t\t\t<option value=\"Pop\" data-value_label=\"Pop\"\n\t\t\t\t\t\t\t\t\t>\n\t\t\t\t\t\t\t\t\tPop\t\t\t\t\t\t\t\t<\/option>\n\n\t\t\t\t\t\t\t\n\t\t\t\t\t\t\t\t<option value=\"Reggae\" data-value_label=\"Reggae\"\n\t\t\t\t\t\t\t\t\t>\n\t\t\t\t\t\t\t\t\tReggae\t\t\t\t\t\t\t\t<\/option>\n\n\t\t\t\t\t\t\t\n\t\t\t\t\t\t\t\t<option value=\"Rock\" data-value_label=\"Rock\"\n\t\t\t\t\t\t\t\t\t>\n\t\t\t\t\t\t\t\t\tRock\t\t\t\t\t\t\t\t<\/option>\n\n\t\t\t\t\t\t\t\n\t\t\t\t\t\t\t\t<option value=\"Singer\/Songwriter\" data-value_label=\"Singer\/Songwriter\"\n\t\t\t\t\t\t\t\t\t>\n\t\t\t\t\t\t\t\t\tSinger\/Songwriter\t\t\t\t\t\t\t\t<\/option>\n\n\t\t\t\t\t\t\t\n\t\t\t\t\t\t\t\t<option value=\"World\" data-value_label=\"World\"\n\t\t\t\t\t\t\t\t\t>\n\t\t\t\t\t\t\t\t\tWorld\t\t\t\t\t\t\t\t<\/option>\n\n\t\t\t\t\t\t\t\n\t\t\t\t\t<\/select>\n\n\t\t\t\t\t\t\t\t\t\t\t\t<\/div>\n\n\t\t\t\t\t\t\t\n\t\t\t\t\t\t\t<div class=\"um-search-filter um-select-filter-type \">\n\t\t\t\t\t\t\t\t\n\t\t\t\t\t<select class=\"um-s1\" id=\"location\" name=\"location\"\n\t\t\t\t\t\t\tdata-placeholder=\"Federal State\"\n\t\t\t\t\t\t\taria-label=\"Federal State\"\n\t\t\t\t\t\t\t\t\t\t\t\t\t>\n\n\t\t\t\t\t\t<option><\/option>\n\n\t\t\t\t\t\t\n\t\t\t\t\t\t\t\t<option value=\"Burgenland\" data-value_label=\"Burgenland\"\n\t\t\t\t\t\t\t\t\t>\n\t\t\t\t\t\t\t\t\tBurgenland\t\t\t\t\t\t\t\t<\/option>\n\n\t\t\t\t\t\t\t\n\t\t\t\t\t\t\t\t<option value=\"Carinthia\" data-value_label=\"Carinthia\"\n\t\t\t\t\t\t\t\t\t>\n\t\t\t\t\t\t\t\t\tCarinthia\t\t\t\t\t\t\t\t<\/option>\n\n\t\t\t\t\t\t\t\n\t\t\t\t\t\t\t\t<option value=\"Lower Austria\" data-value_label=\"Lower Austria\"\n\t\t\t\t\t\t\t\t\t>\n\t\t\t\t\t\t\t\t\tLower Austria\t\t\t\t\t\t\t\t<\/option>\n\n\t\t\t\t\t\t\t\n\t\t\t\t\t\t\t\t<option value=\"Salzburg\" data-value_label=\"Salzburg\"\n\t\t\t\t\t\t\t\t\t>\n\t\t\t\t\t\t\t\t\tSalzburg\t\t\t\t\t\t\t\t<\/option>\n\n\t\t\t\t\t\t\t\n\t\t\t\t\t\t\t\t<option value=\"Styria\" data-value_label=\"Styria\"\n\t\t\t\t\t\t\t\t\t>\n\t\t\t\t\t\t\t\t\tStyria\t\t\t\t\t\t\t\t<\/option>\n\n\t\t\t\t\t\t\t\n\t\t\t\t\t\t\t\t<option value=\"Tyrol\" data-value_label=\"Tyrol\"\n\t\t\t\t\t\t\t\t\t>\n\t\t\t\t\t\t\t\t\tTyrol\t\t\t\t\t\t\t\t<\/option>\n\n\t\t\t\t\t\t\t\n\t\t\t\t\t\t\t\t<option value=\"Upper Austria\" data-value_label=\"Upper Austria\"\n\t\t\t\t\t\t\t\t\t>\n\t\t\t\t\t\t\t\t\tUpper Austria\t\t\t\t\t\t\t\t<\/option>\n\n\t\t\t\t\t\t\t\n\t\t\t\t\t\t\t\t<option value=\"Vienna\" data-value_label=\"Vienna\"\n\t\t\t\t\t\t\t\t\t>\n\t\t\t\t\t\t\t\t\tVienna\t\t\t\t\t\t\t\t<\/option>\n\n\t\t\t\t\t\t\t\n\t\t\t\t\t\t\t\t<option value=\"Vorarlberg\" data-value_label=\"Vorarlberg\"\n\t\t\t\t\t\t\t\t\t>\n\t\t\t\t\t\t\t\t\tVorarlberg\t\t\t\t\t\t\t\t<\/option>\n\n\t\t\t\t\t\t\t\n\t\t\t\t\t<\/select>\n\n\t\t\t\t\t\t\t\t\t\t\t\t<\/div>\n\n\t\t\t\t\t\t\t\n\t\t\t\t\t\t\t<div class=\"um-search-filter um-select-filter-type um-search-filter-2\">\n\t\t\t\t\t\t\t\t\n\t\t\t\t\t<select class=\"um-s1\" id=\"languages\" name=\"languages\"\n\t\t\t\t\t\t\tdata-placeholder=\"Gesprochene Sprachen\"\n\t\t\t\t\t\t\taria-label=\"Gesprochene Sprachen\"\n\t\t\t\t\t\t\t\t\t\t\t\t\t>\n\n\t\t\t\t\t\t<option><\/option>\n\n\t\t\t\t\t\t\n\t\t\t\t\t\t\t\t<option value=\"Spanish\" data-value_label=\"Spanish\"\n\t\t\t\t\t\t\t\t\t>\n\t\t\t\t\t\t\t\t\tSpanish\t\t\t\t\t\t\t\t<\/option>\n\n\t\t\t\t\t\t\t\n\t\t\t\t\t<\/select>\n\n\t\t\t\t\t\t\t\t\t\t\t\t<\/div>\n\n\t\t\t\t\t\t\t\n\t\t\t\t\t\t\t<div class=\"um-search-filter um-select-filter-type \">\n\t\t\t\t\t\t\t\t\n\t\t\t\t\t<select class=\"um-s1\" id=\"levels\" name=\"levels\"\n\t\t\t\t\t\t\tdata-placeholder=\"Teaching Levels\"\n\t\t\t\t\t\t\taria-label=\"Teaching Levels\"\n\t\t\t\t\t\t\t\t\t\t\t\t\t>\n\n\t\t\t\t\t\t<option><\/option>\n\n\t\t\t\t\t\t\n\t\t\t\t\t\t\t\t<option value=\"Beginners\" data-value_label=\"Beginners\"\n\t\t\t\t\t\t\t\t\t>\n\t\t\t\t\t\t\t\t\tBeginners\t\t\t\t\t\t\t\t<\/option>\n\n\t\t\t\t\t\t\t\n\t\t\t\t\t\t\t\t<option value=\"Advanced\" data-value_label=\"Advanced\"\n\t\t\t\t\t\t\t\t\t>\n\t\t\t\t\t\t\t\t\tAdvanced\t\t\t\t\t\t\t\t<\/option>\n\n\t\t\t\t\t\t\t\n\t\t\t\t\t<\/select>\n\n\t\t\t\t\t\t\t\t\t\t\t\t<\/div>\n\n\t\t\t\t\t\t\t\n\t\t\t\t\t\t\t<div class=\"um-search-filter um-select-filter-type um-search-filter-2\">\n\t\t\t\t\t\t\t\t\n\t\t\t\t\t<select class=\"um-s1\" id=\"features\" name=\"features\"\n\t\t\t\t\t\t\tdata-placeholder=\"Additional Services\"\n\t\t\t\t\t\t\taria-label=\"Additional Services\"\n\t\t\t\t\t\t\t\t\t\t\t\t\t>\n\n\t\t\t\t\t\t<option><\/option>\n\n\t\t\t\t\t\t\n\t\t\t\t\t\t\t\t<option value=\"Free Trial Lesson\" data-value_label=\"Free Trial Lesson\"\n\t\t\t\t\t\t\t\t\t>\n\t\t\t\t\t\t\t\t\tFree Trial Lesson\t\t\t\t\t\t\t\t<\/option>\n\n\t\t\t\t\t\t\t\n\t\t\t\t\t\t\t\t<option value=\"Semester Discount\" data-value_label=\"Semester Discount\"\n\t\t\t\t\t\t\t\t\t>\n\t\t\t\t\t\t\t\t\tSemester Discount\t\t\t\t\t\t\t\t<\/option>\n\n\t\t\t\t\t\t\t\n\t\t\t\t\t\t\t\t<option value=\"Lesson at Student&#039;s Place\" data-value_label=\"Lesson at Student&#039;s Place\"\n\t\t\t\t\t\t\t\t\t>\n\t\t\t\t\t\t\t\t\tLesson at Student's Place\t\t\t\t\t\t\t\t<\/option>\n\n\t\t\t\t\t\t\t\n\t\t\t\t\t\t\t\t<option value=\"Online Lessons\" data-value_label=\"Online Lessons\"\n\t\t\t\t\t\t\t\t\t>\n\t\t\t\t\t\t\t\t\tOnline Lessons\t\t\t\t\t\t\t\t<\/option>\n\n\t\t\t\t\t\t\t\n\t\t\t\t\t\t\t\t<option value=\"Lessons on Weekends\" data-value_label=\"Lessons on Weekends\"\n\t\t\t\t\t\t\t\t\t>\n\t\t\t\t\t\t\t\t\tLessons on Weekends\t\t\t\t\t\t\t\t<\/option>\n\n\t\t\t\t\t\t\t\n\t\t\t\t\t\t\t\t<option value=\"Early Music Education\" data-value_label=\"Early Music Education\"\n\t\t\t\t\t\t\t\t\t>\n\t\t\t\t\t\t\t\t\tEarly Music Education\t\t\t\t\t\t\t\t<\/option>\n\n\t\t\t\t\t\t\t\n\t\t\t\t\t\t\t\t<option value=\"Group or Family Lessons\" data-value_label=\"Group or Family Lessons\"\n\t\t\t\t\t\t\t\t\t>\n\t\t\t\t\t\t\t\t\tGroup or Family Lessons\t\t\t\t\t\t\t\t<\/option>\n\n\t\t\t\t\t\t\t\n\t\t\t\t\t\t\t\t<option value=\"Chamber Music\" data-value_label=\"Chamber Music\"\n\t\t\t\t\t\t\t\t\t>\n\t\t\t\t\t\t\t\t\tChamber Music\t\t\t\t\t\t\t\t<\/option>\n\n\t\t\t\t\t\t\t\n\t\t\t\t\t\t\t\t<option value=\"Theory Classes\" data-value_label=\"Theory Classes\"\n\t\t\t\t\t\t\t\t\t>\n\t\t\t\t\t\t\t\t\tTheory Classes\t\t\t\t\t\t\t\t<\/option>\n\n\t\t\t\t\t\t\t\n\t\t\t\t\t\t\t\t<option value=\"Aural Training\" data-value_label=\"Aural Training\"\n\t\t\t\t\t\t\t\t\t>\n\t\t\t\t\t\t\t\t\tAural Training\t\t\t\t\t\t\t\t<\/option>\n\n\t\t\t\t\t\t\t\n\t\t\t\t\t\t\t\t<option value=\"Rhythmics\" data-value_label=\"Rhythmics\"\n\t\t\t\t\t\t\t\t\t>\n\t\t\t\t\t\t\t\t\tRhythmics\t\t\t\t\t\t\t\t<\/option>\n\n\t\t\t\t\t\t\t\n\t\t\t\t\t\t\t\t<option value=\"Buying Advice for Instruments\" data-value_label=\"Buying Advice for Instruments\"\n\t\t\t\t\t\t\t\t\t>\n\t\t\t\t\t\t\t\t\tBuying Advice for Instruments\t\t\t\t\t\t\t\t<\/option>\n\n\t\t\t\t\t\t\t\n\t\t\t\t\t\t\t\t<option value=\"Preparation for Entrance Exams at Universities\" data-value_label=\"Preparation for Entrance Exams at Universities\"\n\t\t\t\t\t\t\t\t\t>\n\t\t\t\t\t\t\t\t\tPreparation for Entrance Exams at Universities\t\t\t\t\t\t\t\t<\/option>\n\n\t\t\t\t\t\t\t\n\t\t\t\t\t<\/select>\n\n\t\t\t\t\t\t\t\t\t\t\t\t<\/div>\n\n\t\t\t\t\t\t\t\t\t\t\t\t<\/div>\n\t\t\t\t<\/div>\n\t\t\t\t<div class=\"um-member-directory-header-row\">\n\t\t\t\t\t<div class=\"um-filtered-line\">\n\t\t\t\t\t\t<div class=\"um-clear-filters\"><a href=\"javascript:void(0);\" class=\"um-clear-filters-a\" title=\"Alle Filter entfernen\">Alles entfernen<\/a><\/div>\n\t\t\t\t\t<\/div>\n\t\t\t\t<\/div>\n\t\t\t\t\t<\/div>\n\n\t<div class=\"um-members-wrapper\"><\/div>\n\n\t<div class=\"um-members-pagination-box\"><\/div>\n\n\t\n<\/div>\n","protected":false},"excerpt":{"rendered":"<p>Dies ist das Archiv der Mitgliederprofile des Vereins MUSEDU. Der Verein wurde im November 2024 aufgel\u00f6st. Die Profile k\u00f6nnen noch bis Ende 2024 abgerufen werden. Neuanmeldungen sind nicht mehr m\u00f6glich. Die ehemaligen Mitglieder \u2013 professionelle Musiklehrerinnen und Musiklehrer \u2013 arbeiten selbstst\u00e4ndig und auf eigene Rechnung.<\/p>\n","protected":false},"author":1,"featured_media":0,"parent":0,"menu_order":0,"comment_status":"closed","ping_status":"closed","template":"","meta":{"_monsterinsights_skip_tracking":false,"_monsterinsights_sitenote_active":false,"_monsterinsights_sitenote_note":"","_monsterinsights_sitenote_category":0,"generate_page_header":"","footnotes":""},"_links":{"self":[{"href":"https:\/\/musedu.at\/de\/wp-json\/wp\/v2\/pages\/4537"}],"collection":[{"href":"https:\/\/musedu.at\/de\/wp-json\/wp\/v2\/pages"}],"about":[{"href":"https:\/\/musedu.at\/de\/wp-json\/wp\/v2\/types\/page"}],"author":[{"embeddable":true,"href":"https:\/\/musedu.at\/de\/wp-json\/wp\/v2\/users\/1"}],"replies":[{"embeddable":true,"href":"https:\/\/musedu.at\/de\/wp-json\/wp\/v2\/comments?post=4537"}],"version-history":[{"count":5,"href":"https:\/\/musedu.at\/de\/wp-json\/wp\/v2\/pages\/4537\/revisions"}],"predecessor-version":[{"id":4803,"href":"https:\/\/musedu.at\/de\/wp-json\/wp\/v2\/pages\/4537\/revisions\/4803"}],"wp:attachment":[{"href":"https:\/\/musedu.at\/de\/wp-json\/wp\/v2\/media?parent=4537"}],"curies":[{"name":"wp","href":"https:\/\/api.w.org\/{rel}","templated":true}]}}