{"id":3905,"date":"2020-09-21T21:03:03","date_gmt":"2020-09-21T19:03:03","guid":{"rendered":"https:\/\/musedu.at\/?page_id=3905"},"modified":"2020-09-21T21:03:04","modified_gmt":"2020-09-21T19:03:04","slug":"die-geschichte-des-walzers","status":"publish","type":"page","link":"https:\/\/musedu.at\/de\/die-geschichte-des-walzers\/","title":{"rendered":"Die Geschichte des Walzers"},"content":{"rendered":"<div class=\"wp-block-image\"><figure class=\"alignright size-large\"><img decoding=\"async\" loading=\"lazy\" width=\"265\" height=\"400\" src=\"https:\/\/musedu.at\/wp-content\/uploads\/waltzer.jpg\" alt=\"\" class=\"wp-image-3900\" srcset=\"https:\/\/musedu.at\/wp-content\/uploads\/waltzer.jpg 265w, https:\/\/musedu.at\/wp-content\/uploads\/waltzer-199x300.jpg 199w\" sizes=\"(max-width: 265px) 100vw, 265px\" \/><\/figure><\/div>\n\n\n\n<p><strong>Entdecke die Hintergr\u00fcnde dieses Tanzes und musikalischen Genres. <\/strong><br><strong>Ein Webinar mit dem Geiger <a href=\"https:\/\/musedu.at\/en\/members\/giacomo-mura\/\">Giacomo Mura<\/a>.<\/strong><\/p>\n\n\n\n<p>Der Walzer: Ikone und Symbol europ\u00e4ischer &#8211; und Wiener &#8211; Kultur. Im 19. Jahrhundert war er in ganz Europa popul\u00e4r, aber die Geschichte seiner Entwicklung h\u00e4lt auch einige \u00dcberraschungen bereit. Diese Zweideutigkeiten und Zwischent\u00f6ne bringt uns Giacomo Mura in diesem Online-Seminar n\u00e4her.<\/p>\n\n\n\n<p>Das Webinar wird in <strong>englischer Sprache <\/strong>stattfinden. Alle Informationen und das Anmeldeformular findest du <a href=\"https:\/\/musedu.at\/en\/the-waltz-birth-and-ascension\/\">hier<\/a>. <\/p>","protected":false},"excerpt":{"rendered":"<p>Entdecke die Hintergr\u00fcnde dieses Tanzes und musikalischen Genres. Ein Webinar mit dem Geiger Giacomo Mura. Der Walzer: Ikone und Symbol europ\u00e4ischer &#8211; und Wiener &#8211; Kultur. Im 19. Jahrhundert war er in ganz Europa popul\u00e4r, aber die Geschichte seiner Entwicklung h\u00e4lt auch einige \u00dcberraschungen bereit. Diese Zweideutigkeiten und Zwischent\u00f6ne bringt uns Giacomo Mura in diesem &#8230; <a title=\"Die Geschichte des Walzers\" class=\"read-more\" href=\"https:\/\/musedu.at\/de\/die-geschichte-des-walzers\/\" aria-label=\"Mehr zu Die Geschichte des Walzers\">Weiterlesen &#8230;<\/a><\/p>\n","protected":false},"author":1,"featured_media":0,"parent":0,"menu_order":0,"comment_status":"closed","ping_status":"closed","template":"","meta":{"_monsterinsights_skip_tracking":false,"_monsterinsights_sitenote_active":false,"_monsterinsights_sitenote_note":"","_monsterinsights_sitenote_category":0,"generate_page_header":"","footnotes":""},"_links":{"self":[{"href":"https:\/\/musedu.at\/de\/wp-json\/wp\/v2\/pages\/3905"}],"collection":[{"href":"https:\/\/musedu.at\/de\/wp-json\/wp\/v2\/pages"}],"about":[{"href":"https:\/\/musedu.at\/de\/wp-json\/wp\/v2\/types\/page"}],"author":[{"embeddable":true,"href":"https:\/\/musedu.at\/de\/wp-json\/wp\/v2\/users\/1"}],"replies":[{"embeddable":true,"href":"https:\/\/musedu.at\/de\/wp-json\/wp\/v2\/comments?post=3905"}],"version-history":[{"count":3,"href":"https:\/\/musedu.at\/de\/wp-json\/wp\/v2\/pages\/3905\/revisions"}],"predecessor-version":[{"id":3909,"href":"https:\/\/musedu.at\/de\/wp-json\/wp\/v2\/pages\/3905\/revisions\/3909"}],"wp:attachment":[{"href":"https:\/\/musedu.at\/de\/wp-json\/wp\/v2\/media?parent=3905"}],"curies":[{"name":"wp","href":"https:\/\/api.w.org\/{rel}","templated":true}]}}