{"id":275,"date":"2017-03-01T15:46:42","date_gmt":"2017-03-01T14:46:42","guid":{"rendered":"http:\/\/musedu.at\/?page_id=275\/"},"modified":"2024-12-19T15:28:27","modified_gmt":"2024-12-19T14:28:27","slug":"imprint","status":"publish","type":"page","link":"https:\/\/musedu.at\/de\/imprint\/","title":{"rendered":"Impressum"},"content":{"rendered":"<p>Impressum und Offenlegung gem. \u00a7 24 bzw. \u00a7 25 MedienG sowie Angaben gem. \u00a7 5 ECG:<\/p>\n<p><strong>Medieninhaber:<\/strong><br \/>\nMatthias K\u00f6nig<br \/>\nDr. Christine K\u00e4mmer<\/p>\n<p><strong>Adresse<\/strong>:<br \/>\nLandstr. Hauptstr. 173-175\/8\/1<br \/>\n1030 Wien<\/p>\n<p><strong>Kontakt:<\/strong><br \/>\noffice @ musedu.at<\/p>\n<p>Dies ist das Web-Archiv des Vereins MUSEDU. MUSEDU war ein gemeinn\u00fctziger, parteiunabh\u00e4ngiger Verein, der sich f\u00fcr die Verbreitung musikalischer Bildung sowie die F\u00f6rderung des aktiven Musizierens \u00f6sterreichweit eingesetzt hat. Im November 2024 wurde der Verein aufgel\u00f6st.<\/p>\n<p><strong>Urheberrecht:<\/strong><br \/>\nAlle auf diesen Seiten ver\u00f6ffentlichten Inhalte unterliegen dem Urheberrecht. Dementsprechend d\u00fcrfen die Inhalte ohne der ausdr\u00fccklichen schriftlichen Genehmigung des Urhebers nicht kopiert, bearbeitet, ver\u00f6ffentlicht oder anderweitig vervielf\u00e4ltigt werden.<\/p>\n<p><strong>Haftungsausschluss:<br \/>\n<\/strong>Dieser Internetauftritt beinhaltet Links zu externen Internetauftritten Dritter, auf deren Inhalt der Medieninhaber keinen Einfluss hat. Dementsprechend kann der Medieninhaber trotz sorgf\u00e4ltiger Pr\u00fcfung f\u00fcr die Inhalte der entsprechenden Seiten keine Verantwortung \u00fcbernehmen. F\u00fcr diese Inhalte ist der Betreiber der jeweiligen Website verantwortlich. Sollten dennoch Rechtsverletzungen in Verbindung mit einer der verlinkten Seiten erkennbar werden, wird der Link selbstverst\u00e4ndlich umgehend entfernt.<\/p>","protected":false},"excerpt":{"rendered":"<p>Impressum und Offenlegung gem. \u00a7 24 bzw. \u00a7 25 MedienG sowie Angaben gem. \u00a7 5 ECG: Medieninhaber: Matthias K\u00f6nig Dr. Christine K\u00e4mmer Adresse: Landstr. Hauptstr. 173-175\/8\/1 1030 Wien Kontakt: office @ musedu.at Dies ist das Web-Archiv des Vereins MUSEDU. MUSEDU war ein gemeinn\u00fctziger, parteiunabh\u00e4ngiger Verein, der sich f\u00fcr die Verbreitung musikalischer Bildung sowie die F\u00f6rderung &#8230; <a title=\"Impressum\" class=\"read-more\" href=\"https:\/\/musedu.at\/de\/imprint\/\" aria-label=\"Mehr zu Impressum\">Weiterlesen &#8230;<\/a><\/p>\n","protected":false},"author":1,"featured_media":0,"parent":0,"menu_order":0,"comment_status":"closed","ping_status":"closed","template":"","meta":{"_monsterinsights_skip_tracking":false,"_monsterinsights_sitenote_active":false,"_monsterinsights_sitenote_note":"","_monsterinsights_sitenote_category":0,"generate_page_header":"","footnotes":""},"_links":{"self":[{"href":"https:\/\/musedu.at\/de\/wp-json\/wp\/v2\/pages\/275"}],"collection":[{"href":"https:\/\/musedu.at\/de\/wp-json\/wp\/v2\/pages"}],"about":[{"href":"https:\/\/musedu.at\/de\/wp-json\/wp\/v2\/types\/page"}],"author":[{"embeddable":true,"href":"https:\/\/musedu.at\/de\/wp-json\/wp\/v2\/users\/1"}],"replies":[{"embeddable":true,"href":"https:\/\/musedu.at\/de\/wp-json\/wp\/v2\/comments?post=275"}],"version-history":[{"count":6,"href":"https:\/\/musedu.at\/de\/wp-json\/wp\/v2\/pages\/275\/revisions"}],"predecessor-version":[{"id":4810,"href":"https:\/\/musedu.at\/de\/wp-json\/wp\/v2\/pages\/275\/revisions\/4810"}],"wp:attachment":[{"href":"https:\/\/musedu.at\/de\/wp-json\/wp\/v2\/media?parent=275"}],"curies":[{"name":"wp","href":"https:\/\/api.w.org\/{rel}","templated":true}]}}