{"id":2623,"date":"2020-01-01T15:05:24","date_gmt":"2020-01-01T14:05:24","guid":{"rendered":"http:\/\/musedu.at\/?page_id=2623"},"modified":"2020-03-16T10:03:19","modified_gmt":"2020-03-16T09:03:19","slug":"klassische-musik-verstehen","status":"publish","type":"page","link":"https:\/\/musedu.at\/de\/klassische-musik-verstehen\/","title":{"rendered":"Klassische Musik verstehen"},"content":{"rendered":"<p><em>Wegen des Coronavirus wurde dieser Workshop abgesagt. Wir werden demn\u00e4chst einen neuen Termin ank\u00fcndigen. Danke f\u00fcr euer Verst\u00e4ndnis.<\/em><\/p>\n\n\n\n<p><strong>Workshop mit <\/strong><a href=\"https:\/\/musedu.at\/de\/members\/giacomo-mura\/\"><strong>Giacomo Mura<\/strong><\/a><\/p>\n\n\n\n<div class=\"wp-block-image\"><figure class=\"alignright\"><img decoding=\"async\" loading=\"lazy\" width=\"300\" height=\"212\" src=\"http:\/\/musedu.at\/wp-content\/uploads\/Understanding_Featured01.jpg\" alt=\"\" class=\"wp-image-2612\"\/><figcaption>Credit: Giacomo Mura<\/figcaption><\/figure><\/div>\n\n\n\n<p>In diesem zweist\u00fcndigen Workshop wird der Geiger und Musiklehrer Giacomo Mura dazu anleiten, klassische Musik bewusster zu h\u00f6ren und dadurch intensiver zu genie\u00dfen. Der Workshop ist geeignet f\u00fcr alle Musikbegeisterten &#8211; es werden keine speziellen Vorkenntnisse vorausgesetzt.<\/p>\n\n\n\n<p><strong>Hinweis<\/strong>: dieser Workshop wird in <strong>englischer Sprache<\/strong> abgehalten. Bei der anschlie\u00dfenden Diskussion kann jedoch auch Deutsch gesprochen werden.<\/p>\n\n\n\n<p>Die genaue Kursbeschreibung und Anmeldung findest du auf der <a href=\"https:\/\/musedu.at\/en\/understanding-classical-music\/\">englischen Seite<\/a>.<\/p>","protected":false},"excerpt":{"rendered":"<p>Wegen des Coronavirus wurde dieser Workshop abgesagt. Wir werden demn\u00e4chst einen neuen Termin ank\u00fcndigen. Danke f\u00fcr euer Verst\u00e4ndnis. Workshop mit Giacomo Mura In diesem zweist\u00fcndigen Workshop wird der Geiger und Musiklehrer Giacomo Mura dazu anleiten, klassische Musik bewusster zu h\u00f6ren und dadurch intensiver zu genie\u00dfen. Der Workshop ist geeignet f\u00fcr alle Musikbegeisterten &#8211; es werden &#8230; <a title=\"Klassische Musik verstehen\" class=\"read-more\" href=\"https:\/\/musedu.at\/de\/klassische-musik-verstehen\/\" aria-label=\"Mehr zu Klassische Musik verstehen\">Weiterlesen &#8230;<\/a><\/p>\n","protected":false},"author":1,"featured_media":0,"parent":0,"menu_order":0,"comment_status":"closed","ping_status":"closed","template":"","meta":{"_monsterinsights_skip_tracking":false,"_monsterinsights_sitenote_active":false,"_monsterinsights_sitenote_note":"","_monsterinsights_sitenote_category":0,"generate_page_header":"","footnotes":""},"_links":{"self":[{"href":"https:\/\/musedu.at\/de\/wp-json\/wp\/v2\/pages\/2623"}],"collection":[{"href":"https:\/\/musedu.at\/de\/wp-json\/wp\/v2\/pages"}],"about":[{"href":"https:\/\/musedu.at\/de\/wp-json\/wp\/v2\/types\/page"}],"author":[{"embeddable":true,"href":"https:\/\/musedu.at\/de\/wp-json\/wp\/v2\/users\/1"}],"replies":[{"embeddable":true,"href":"https:\/\/musedu.at\/de\/wp-json\/wp\/v2\/comments?post=2623"}],"version-history":[{"count":2,"href":"https:\/\/musedu.at\/de\/wp-json\/wp\/v2\/pages\/2623\/revisions"}],"predecessor-version":[{"id":3011,"href":"https:\/\/musedu.at\/de\/wp-json\/wp\/v2\/pages\/2623\/revisions\/3011"}],"wp:attachment":[{"href":"https:\/\/musedu.at\/de\/wp-json\/wp\/v2\/media?parent=2623"}],"curies":[{"name":"wp","href":"https:\/\/api.w.org\/{rel}","templated":true}]}}