{"id":2527,"date":"2019-12-03T20:20:49","date_gmt":"2019-12-03T19:20:49","guid":{"rendered":"http:\/\/musedu.at\/?page_id=2527"},"modified":"2019-12-14T18:23:48","modified_gmt":"2019-12-14T17:23:48","slug":"alexander-technik-fur-hobbymusiker","status":"publish","type":"page","link":"https:\/\/musedu.at\/de\/alexander-technik-fur-hobbymusiker\/","title":{"rendered":"Alexander-Technik f\u00fcr Hobbymusiker"},"content":{"rendered":"<p><strong>Workshop mit <a href=\"https:\/\/musedu.at\/de\/members\/marie-orsini-rosenberg\/\">Marie Orsini-Rosenberg<\/a><\/strong><\/p>\n\n\n\n<div class=\"wp-block-image\"><figure class=\"alignright\"><img decoding=\"async\" loading=\"lazy\" width=\"200\" height=\"262\" src=\"http:\/\/musedu.at\/wp-content\/uploads\/Alextechnik_Featured01.jpg\" alt=\"\" class=\"wp-image-2524\"\/><\/figure><\/div>\n\n\n\n<p>Auch wenn man zur eigenen Freude musiziert, kann es durch die Anforderungen, die beim Erlernen eines Instruments auftauchen, zu Verspannungen kommen \u2013 und beim Vorspielen plagt das Lampenfieber. Man muss so vieles zugleich tun, dass man manchmal auf den eigenen K\u00f6rper vergisst. Das kann das Musizieren beschwerlich machen, worunter die Spielfreude leidet.<\/p>\n\n\n\n<p>Dieser Workshop gibt einen Einblick in die Alexander-Technik und zeigt, wie sie sich in das Spielen eines Instruments integrieren l\u00e4sst. Es geht darum, die Selbstwahrnehmung zu st\u00e4rken und eine gute Ausgangslage f\u00fcr das eigene Spiel zu suchen: Kann ich unn\u00f6tige Anspannungen bemerken? Nehme ich meinen ganzen K\u00f6rper und meine Umgebung wahr, w\u00e4hrend ich spiele?<\/p>\n\n\n\n<p>Als Lehrerin gibt Marie Orsini-Rosenberg keine fixen Positionen vor. Es geht vielmehr darum, Denk- und Bewegungsgewohnheiten aufzusp\u00fcren und diese zu hinterfragen. Eine gute Stabilit\u00e4t und Beweglichkeit beim Musizieren zu suchen. Das wirkt sich positiv auf den Klang, das Wohlbefinden und die F\u00e4higkeit aus, uns durch unsere Musik mitzuteilen.&nbsp;  <\/p>\n\n\n\n<p>Bei diesem Kurz-Workshop habt ihr eine erste Gelegenheit, mit und ohne Instrument neue Bewegungsm\u00f6glichkeiten zu erproben. Dabei leitet Marie mit ihren H\u00e4nden und mit Worten eure Bewegungen an.<\/p>\n\n\n\n<p>Mehr \u00fcber die Alexander-Technik erfahrt ihr in einem Interview mit Marie Orsini-Rosenberg in unserem <a href=\"https:\/\/musedu.at\/de\/5-fragen-an-eine-alexander-technik-lehrerin\/\">Blog<\/a>.<\/p>\n\n\n\n<p><strong>Im Kursraum ist ein Stage-Piano vorhanden. Andere, eigene Instrumente bitte mitnehmen. Zum Workshop bitte eine eigene Yoga-Matte oder Decke mitbringen, falls vorhanden. <\/strong>Der Workshop wird in deutscher Sprache abgehalten.<\/p>\n\n\n\n<table id=\"tablepress-145\" class=\"tablepress tablepress-id-145 tablepress-responsive\">\n<tbody class=\"row-hover\">\n<tr class=\"row-1\">\n\t<td class=\"column-1\">Wann:<\/td><td class=\"column-2\"><b>Sonntag, 23. Februar 2020, 11-13 Uhr<\/b><\/td>\n<\/tr>\n<tr class=\"row-2\">\n\t<td class=\"column-1\">Wo:<\/td><td class=\"column-2\"><b>1210 Wien<\/b> (nur 3 Gehminuten vom Bhf. Floridsdorf)<\/td>\n<\/tr>\n<tr class=\"row-3\">\n\t<td class=\"column-1\">Teilnehmerzahl:<\/td><td class=\"column-2\">4-8 Personen<\/td>\n<\/tr>\n<tr class=\"row-4\">\n\t<td class=\"column-1\">Teilnahmegeb\u00fchr:<\/td><td class=\"column-2\">\u20ac 45,-- pro Person<\/td>\n<\/tr>\n<tr class=\"row-5\">\n\t<td class=\"column-1\">Anmeldung:<\/td><td class=\"column-2\">Per Mail an <a href=\"mailto:office@musedu.at\">office@musedu.at<\/a> oder direkt hier: <br \/>\n<br \/>\n\n<div class=\"wpcf7 no-js\" id=\"wpcf7-f2518-p2527-o1\" lang=\"en-US\" dir=\"ltr\">\n<div class=\"screen-reader-response\"><p role=\"status\" aria-live=\"polite\" aria-atomic=\"true\"><\/p> <ul><\/ul><\/div>\n<form action=\"\/de\/alexander-technik-fur-hobbymusiker\/#wpcf7-f2518-p2527-o1\" method=\"post\" class=\"wpcf7-form init\" aria-label=\"Contact form\" novalidate=\"novalidate\" data-status=\"init\">\n<div style=\"display: none;\">\n<input type=\"hidden\" name=\"_wpcf7\" value=\"2518\" \/>\n<input type=\"hidden\" name=\"_wpcf7_version\" value=\"5.8\" \/>\n<input type=\"hidden\" name=\"_wpcf7_locale\" value=\"en_US\" \/>\n<input type=\"hidden\" name=\"_wpcf7_unit_tag\" value=\"wpcf7-f2518-p2527-o1\" \/>\n<input type=\"hidden\" name=\"_wpcf7_container_post\" value=\"2527\" \/>\n<input type=\"hidden\" name=\"_wpcf7_posted_data_hash\" value=\"\" \/>\n<input type=\"hidden\" name=\"_wpcf7_recaptcha_response\" value=\"\" \/>\n<\/div>\n<p><label> Name*<br \/>\n<span class=\"wpcf7-form-control-wrap\" data-name=\"your-name\"><input size=\"40\" class=\"wpcf7-form-control wpcf7-text wpcf7-validates-as-required\" aria-required=\"true\" aria-invalid=\"false\" value=\"\" type=\"text\" name=\"your-name\" \/><\/span> <\/label>\n<\/p>\n<p><label> Mail-Adresse*<br \/>\n<span class=\"wpcf7-form-control-wrap\" data-name=\"your-email\"><input size=\"40\" class=\"wpcf7-form-control wpcf7-email wpcf7-validates-as-required wpcf7-text wpcf7-validates-as-email\" aria-required=\"true\" aria-invalid=\"false\" value=\"\" type=\"email\" name=\"your-email\" \/><\/span> <\/label>\n<\/p>\n<p><input class=\"wpcf7-form-control wpcf7-submit has-spinner\" type=\"submit\" value=\"Anmelden\" \/>\n<\/p><div class=\"wpcf7-response-output\" aria-hidden=\"true\"><\/div>\n<\/form>\n<\/div>\n<\/td>\n<\/tr>\n<\/tbody>\n<\/table>\n<!-- #tablepress-145 from cache -->","protected":false},"excerpt":{"rendered":"<p>Workshop mit Marie Orsini-Rosenberg Auch wenn man zur eigenen Freude musiziert, kann es durch die Anforderungen, die beim Erlernen eines Instruments auftauchen, zu Verspannungen kommen \u2013 und beim Vorspielen plagt das Lampenfieber. Man muss so vieles zugleich tun, dass man manchmal auf den eigenen K\u00f6rper vergisst. Das kann das Musizieren beschwerlich machen, worunter die Spielfreude &#8230; <a title=\"Alexander-Technik f\u00fcr Hobbymusiker\" class=\"read-more\" href=\"https:\/\/musedu.at\/de\/alexander-technik-fur-hobbymusiker\/\" aria-label=\"Mehr zu Alexander-Technik f\u00fcr Hobbymusiker\">Weiterlesen &#8230;<\/a><\/p>\n","protected":false},"author":1,"featured_media":0,"parent":0,"menu_order":0,"comment_status":"closed","ping_status":"closed","template":"","meta":{"_monsterinsights_skip_tracking":false,"_monsterinsights_sitenote_active":false,"_monsterinsights_sitenote_note":"","_monsterinsights_sitenote_category":0,"generate_page_header":"","footnotes":""},"_links":{"self":[{"href":"https:\/\/musedu.at\/de\/wp-json\/wp\/v2\/pages\/2527"}],"collection":[{"href":"https:\/\/musedu.at\/de\/wp-json\/wp\/v2\/pages"}],"about":[{"href":"https:\/\/musedu.at\/de\/wp-json\/wp\/v2\/types\/page"}],"author":[{"embeddable":true,"href":"https:\/\/musedu.at\/de\/wp-json\/wp\/v2\/users\/1"}],"replies":[{"embeddable":true,"href":"https:\/\/musedu.at\/de\/wp-json\/wp\/v2\/comments?post=2527"}],"version-history":[{"count":7,"href":"https:\/\/musedu.at\/de\/wp-json\/wp\/v2\/pages\/2527\/revisions"}],"predecessor-version":[{"id":2571,"href":"https:\/\/musedu.at\/de\/wp-json\/wp\/v2\/pages\/2527\/revisions\/2571"}],"wp:attachment":[{"href":"https:\/\/musedu.at\/de\/wp-json\/wp\/v2\/media?parent=2527"}],"curies":[{"name":"wp","href":"https:\/\/api.w.org\/{rel}","templated":true}]}}