{"id":198,"date":"2017-02-19T13:17:09","date_gmt":"2017-02-19T12:17:09","guid":{"rendered":"http:\/\/musedu.at\/?page_id=198\/"},"modified":"2024-12-19T17:15:17","modified_gmt":"2024-12-19T16:15:17","slug":"startseite","status":"publish","type":"page","link":"https:\/\/musedu.at\/de\/","title":{"rendered":""},"content":{"rendered":"<p>Der Verein MUSEDU bestand in Wien von 2017 bis November 2024. Anliegen des Vereins war es, musikalische Bildung\/Musikunterricht in Wien und ganz \u00d6sterreich zu verbreiten. MUSEDU verstand sich dabei als Bindeglied zwischen professionellen Musikern\/Musiklehrern und Amateuren. Des Weiteren gab es diverse musikbezogene Veranstaltungen f\u00fcr musikbegeisterte Menschen.<\/p>\n\n\n\n<p>Auf dieser Website findest du aktuell das Archiv des Vereins mit Blogartikeln und n\u00fctzlichen Links rund ums Musizieren. Die Musiklehrer-Profile k\u00f6nnen noch bis Ende 2024 eingesehen werden. Es sind jedoch keine neuen Anmeldungen mehr m\u00f6glich.<\/p>","protected":false},"excerpt":{"rendered":"<p>Der Verein MUSEDU bestand in Wien von 2017 bis November 2024. Anliegen des Vereins war es, musikalische Bildung\/Musikunterricht in Wien und ganz \u00d6sterreich zu verbreiten. MUSEDU verstand sich dabei als Bindeglied zwischen professionellen Musikern\/Musiklehrern und Amateuren. Des Weiteren gab es diverse musikbezogene Veranstaltungen f\u00fcr musikbegeisterte Menschen. Auf dieser Website findest du aktuell das Archiv des &#8230; <a title=\"\" class=\"read-more\" href=\"https:\/\/musedu.at\/de\/\" aria-label=\"Mehr zu \">Weiterlesen &#8230;<\/a><\/p>\n","protected":false},"author":1,"featured_media":4797,"parent":0,"menu_order":0,"comment_status":"closed","ping_status":"closed","template":"","meta":{"_monsterinsights_skip_tracking":false,"_monsterinsights_sitenote_active":false,"_monsterinsights_sitenote_note":"","_monsterinsights_sitenote_category":0,"generate_page_header":"","footnotes":""},"_links":{"self":[{"href":"https:\/\/musedu.at\/de\/wp-json\/wp\/v2\/pages\/198"}],"collection":[{"href":"https:\/\/musedu.at\/de\/wp-json\/wp\/v2\/pages"}],"about":[{"href":"https:\/\/musedu.at\/de\/wp-json\/wp\/v2\/types\/page"}],"author":[{"embeddable":true,"href":"https:\/\/musedu.at\/de\/wp-json\/wp\/v2\/users\/1"}],"replies":[{"embeddable":true,"href":"https:\/\/musedu.at\/de\/wp-json\/wp\/v2\/comments?post=198"}],"version-history":[{"count":10,"href":"https:\/\/musedu.at\/de\/wp-json\/wp\/v2\/pages\/198\/revisions"}],"predecessor-version":[{"id":4826,"href":"https:\/\/musedu.at\/de\/wp-json\/wp\/v2\/pages\/198\/revisions\/4826"}],"wp:featuredmedia":[{"embeddable":true,"href":"https:\/\/musedu.at\/de\/wp-json\/wp\/v2\/media\/4797"}],"wp:attachment":[{"href":"https:\/\/musedu.at\/de\/wp-json\/wp\/v2\/media?parent=198"}],"curies":[{"name":"wp","href":"https:\/\/api.w.org\/{rel}","templated":true}]}}