{"id":1967,"date":"2019-05-20T22:39:03","date_gmt":"2019-05-20T20:39:03","guid":{"rendered":"http:\/\/musedu.at\/?page_id=1967"},"modified":"2019-11-01T17:02:23","modified_gmt":"2019-11-01T16:02:23","slug":"studio-visit-strings","status":"publish","type":"page","link":"https:\/\/musedu.at\/de\/studio-visit-strings\/","title":{"rendered":"Erlebe die Kunst des Cellobaus"},"content":{"rendered":"<div class=\"wc-shortcodes-row wc-shortcodes-item wc-shortcodes-clearfix\">\n<div class=\"wc-shortcodes-column wc-shortcodes-content wc-shortcodes-one-half wc-shortcodes-column-first \">\n<p>In ihrem Wiener Atelier bauen Kerstin Hoffmann und Claudia Rook Streichinstrumente nach Modellen alter italienischer Meister. Bei einem Werkstattbesuch mit MUSEDU d\u00fcrfen wir hinter die Kulissen schauen. Die Geigenmacherinnen werden uns ein Instrument \u2013 eine Geige, eine Viola oder ein Cello \u2013 zeigen, das gerade entsteht und erl\u00e4utern, wie sie diese jahrhundertealte Handwerkskunst pflegen. Impressionen aus dem Atelier und Wissenswertes zum Handwerk findest du auf <a href=\"http:\/\/geigenmacher.at\">geigenmacher.at<\/a>.<\/p>\n<p>In der Kleingruppe gibt es dabei gen\u00fcgend Raum f\u00fcr Hintergr\u00fcnde, Fragen und direkten Austausch mit den Meisterinnen.<\/p>\n<\/div>\n<div class=\"wc-shortcodes-column wc-shortcodes-content wc-shortcodes-one-half wc-shortcodes-column-last \">\n<figure id=\"attachment_1969\" aria-describedby=\"caption-attachment-1969\" style=\"width: 590px\" class=\"wp-caption aligncenter\"><img decoding=\"async\" loading=\"lazy\" class=\"wp-image-1969 size-full\" src=\"http:\/\/musedu.at\/wp-content\/uploads\/Cellobau.jpg\" alt=\"\" width=\"600\" height=\"400\" srcset=\"https:\/\/musedu.at\/wp-content\/uploads\/Cellobau.jpg 600w, https:\/\/musedu.at\/wp-content\/uploads\/Cellobau-300x200.jpg 300w\" sizes=\"(max-width: 600px) 100vw, 600px\" \/><figcaption id=\"caption-attachment-1969\" class=\"wp-caption-text\">Foto: Kerstin Hoffmann &amp; Claudia Rook<\/figcaption><\/figure>\n<\/div>\n<\/div>\n<div class=\"wc-shortcodes-row wc-shortcodes-item wc-shortcodes-clearfix\">\n<div class=\"wc-shortcodes-column wc-shortcodes-content wc-shortcodes-three-fourth wc-shortcodes-column-first \">\n<div id=\"tablepress-112-scroll-wrapper\" class=\"tablepress-scroll-wrapper\">\n\n<table id=\"tablepress-112\" class=\"tablepress tablepress-id-112 tablepress-responsive\">\n<tbody class=\"row-hover\">\n<tr class=\"row-1\">\n\t<td class=\"column-1\">Wann:<\/td><td class=\"column-2\"><b>Samstag, 19. Oktober 2019, 11 bis ca. 13 Uhr<\/b><\/td>\n<\/tr>\n<tr class=\"row-2\">\n\t<td class=\"column-1\">Wo:<\/td><td class=\"column-2\"><b>Ziegelofengasse 6\/Top 11-12, 1040 Wien<\/b><\/td>\n<\/tr>\n<tr class=\"row-3\">\n\t<td class=\"column-1\">Teilnahmegeb\u00fchr:<\/td><td class=\"column-2\">\u20ac 30,-- pro Person<\/td>\n<\/tr>\n<tr class=\"row-4\">\n\t<td class=\"column-1\">Anmeldung:<\/td><td class=\"column-2\">Per Mail an <a href=\"mailto:office@musedu.at\">office@musedu.at<\/a> oder direkt hier: <br \/>\n<br \/>\n\n<div class=\"wpcf7 no-js\" id=\"wpcf7-f1979-p1967-o1\" lang=\"en-US\" dir=\"ltr\">\n<div class=\"screen-reader-response\"><p role=\"status\" aria-live=\"polite\" aria-atomic=\"true\"><\/p> <ul><\/ul><\/div>\n<form action=\"\/de\/studio-visit-strings\/#wpcf7-f1979-p1967-o1\" method=\"post\" class=\"wpcf7-form init\" aria-label=\"Contact form\" novalidate=\"novalidate\" data-status=\"init\">\n<div style=\"display: none;\">\n<input type=\"hidden\" name=\"_wpcf7\" value=\"1979\" \/>\n<input type=\"hidden\" name=\"_wpcf7_version\" value=\"5.8\" \/>\n<input type=\"hidden\" name=\"_wpcf7_locale\" value=\"en_US\" \/>\n<input type=\"hidden\" name=\"_wpcf7_unit_tag\" value=\"wpcf7-f1979-p1967-o1\" \/>\n<input type=\"hidden\" name=\"_wpcf7_container_post\" value=\"1967\" \/>\n<input type=\"hidden\" name=\"_wpcf7_posted_data_hash\" value=\"\" \/>\n<input type=\"hidden\" name=\"_wpcf7_recaptcha_response\" value=\"\" \/>\n<\/div>\n<p><label> Name*<br \/>\n<span class=\"wpcf7-form-control-wrap\" data-name=\"your-name\"><input size=\"40\" class=\"wpcf7-form-control wpcf7-text wpcf7-validates-as-required\" aria-required=\"true\" aria-invalid=\"false\" value=\"\" type=\"text\" name=\"your-name\" \/><\/span> <\/label>\n<\/p>\n<p><label> Mail-Adresse*<br \/>\n<span class=\"wpcf7-form-control-wrap\" data-name=\"your-email\"><input size=\"40\" class=\"wpcf7-form-control wpcf7-email wpcf7-validates-as-required wpcf7-text wpcf7-validates-as-email\" aria-required=\"true\" aria-invalid=\"false\" value=\"\" type=\"email\" name=\"your-email\" \/><\/span> <\/label>\n<\/p>\n<p><input class=\"wpcf7-form-control wpcf7-submit has-spinner\" type=\"submit\" value=\"Anmelden\" \/>\n<\/p><div class=\"wpcf7-response-output\" aria-hidden=\"true\"><\/div>\n<\/form>\n<\/div>\n<\/td>\n<\/tr>\n<\/tbody>\n<\/table>\n\n<\/div><!-- #tablepress-112 from cache -->\n<\/div>\n<div class=\"wc-shortcodes-column wc-shortcodes-content wc-shortcodes-one-fourth wc-shortcodes-column-last \">\n<\/div>\n<\/div>\n<p><i>(Falls dir dieser Termin nicht passt, du aber generell Interesse an einem Werkstattbesuch hast, trage dich f\u00fcr unseren  Newsletter  ein, damit wir dich \u00fcber zuk\u00fcnftige Termine informieren d\u00fcrfen.)<br \/>\n<\/i><\/p>","protected":false},"excerpt":{"rendered":"<p>In ihrem Wiener Atelier bauen Kerstin Hoffmann und Claudia Rook Streichinstrumente nach Modellen alter italienischer Meister. Bei einem Werkstattbesuch mit MUSEDU d\u00fcrfen wir hinter die Kulissen schauen. Die Geigenmacherinnen werden uns ein Instrument \u2013 eine Geige, eine Viola oder ein Cello \u2013 zeigen, das gerade entsteht und erl\u00e4utern, wie sie diese jahrhundertealte Handwerkskunst pflegen. Impressionen &#8230; <a title=\"Erlebe die Kunst des Cellobaus\" class=\"read-more\" href=\"https:\/\/musedu.at\/de\/studio-visit-strings\/\" aria-label=\"Mehr zu Erlebe die Kunst des Cellobaus\">Weiterlesen &#8230;<\/a><\/p>\n","protected":false},"author":1,"featured_media":0,"parent":0,"menu_order":0,"comment_status":"closed","ping_status":"closed","template":"","meta":{"_monsterinsights_skip_tracking":false,"_monsterinsights_sitenote_active":false,"_monsterinsights_sitenote_note":"","_monsterinsights_sitenote_category":0,"generate_page_header":"","footnotes":""},"_links":{"self":[{"href":"https:\/\/musedu.at\/de\/wp-json\/wp\/v2\/pages\/1967"}],"collection":[{"href":"https:\/\/musedu.at\/de\/wp-json\/wp\/v2\/pages"}],"about":[{"href":"https:\/\/musedu.at\/de\/wp-json\/wp\/v2\/types\/page"}],"author":[{"embeddable":true,"href":"https:\/\/musedu.at\/de\/wp-json\/wp\/v2\/users\/1"}],"replies":[{"embeddable":true,"href":"https:\/\/musedu.at\/de\/wp-json\/wp\/v2\/comments?post=1967"}],"version-history":[{"count":9,"href":"https:\/\/musedu.at\/de\/wp-json\/wp\/v2\/pages\/1967\/revisions"}],"predecessor-version":[{"id":2449,"href":"https:\/\/musedu.at\/de\/wp-json\/wp\/v2\/pages\/1967\/revisions\/2449"}],"wp:attachment":[{"href":"https:\/\/musedu.at\/de\/wp-json\/wp\/v2\/media?parent=1967"}],"curies":[{"name":"wp","href":"https:\/\/api.w.org\/{rel}","templated":true}]}}