{"id":1444,"date":"2017-10-03T13:50:36","date_gmt":"2017-10-03T11:50:36","guid":{"rendered":"http:\/\/musedu.at\/?page_id=1444"},"modified":"2020-04-03T11:44:07","modified_gmt":"2020-04-03T09:44:07","slug":"registration","status":"publish","type":"page","link":"https:\/\/musedu.at\/de\/registration\/","title":{"rendered":"Registrierung"},"content":{"rendered":"<p>Anmeldung zu einer MUSEDU Mitgliedschaft. Diese ist f\u00fcr dich <strong>kostenlos<\/strong> und du kannst sie jederzeit k\u00fcndigen. Bitte f\u00fcge einen Nachweis \u00fcber deine Qualifikation als MusiklehrerIn bei (z.B. Uni-Diplom, Berufserfahrung, etc.). Falls du Fragen zur Mitgliedschaft hast, lies in unseren <a href=\"http:\/\/musedu.at\/de\/faq\">FAQs<\/a> nach oder <a href=\"http:\/\/musedu.at\/de\/contact\">kontaktiere<\/a> uns.<\/p>\n<p>[gravityform id=&#8221;13&#8243; title=&#8221;false&#8221; description=&#8221;true&#8221;]<\/p>\n<p><span style=\"color: #790000;\"><strong><span class=\"gfield_required\">*<\/span><\/strong><\/span> Pflichtfeld<\/p>","protected":false},"excerpt":{"rendered":"<p>Anmeldung zu einer MUSEDU Mitgliedschaft. Diese ist f\u00fcr dich kostenlos und du kannst sie jederzeit k\u00fcndigen. Bitte f\u00fcge einen Nachweis \u00fcber deine Qualifikation als MusiklehrerIn bei (z.B. Uni-Diplom, Berufserfahrung, etc.). Falls du Fragen zur Mitgliedschaft hast, lies in unseren FAQs nach oder kontaktiere uns. [gravityform id=&#8221;13&#8243; title=&#8221;false&#8221; description=&#8221;true&#8221;] * Pflichtfeld<\/p>\n","protected":false},"author":1,"featured_media":0,"parent":0,"menu_order":0,"comment_status":"closed","ping_status":"closed","template":"","meta":{"_monsterinsights_skip_tracking":false,"_monsterinsights_sitenote_active":false,"_monsterinsights_sitenote_note":"","_monsterinsights_sitenote_category":0,"generate_page_header":"","footnotes":""},"_links":{"self":[{"href":"https:\/\/musedu.at\/de\/wp-json\/wp\/v2\/pages\/1444"}],"collection":[{"href":"https:\/\/musedu.at\/de\/wp-json\/wp\/v2\/pages"}],"about":[{"href":"https:\/\/musedu.at\/de\/wp-json\/wp\/v2\/types\/page"}],"author":[{"embeddable":true,"href":"https:\/\/musedu.at\/de\/wp-json\/wp\/v2\/users\/1"}],"replies":[{"embeddable":true,"href":"https:\/\/musedu.at\/de\/wp-json\/wp\/v2\/comments?post=1444"}],"version-history":[{"count":6,"href":"https:\/\/musedu.at\/de\/wp-json\/wp\/v2\/pages\/1444\/revisions"}],"predecessor-version":[{"id":3138,"href":"https:\/\/musedu.at\/de\/wp-json\/wp\/v2\/pages\/1444\/revisions\/3138"}],"wp:attachment":[{"href":"https:\/\/musedu.at\/de\/wp-json\/wp\/v2\/media?parent=1444"}],"curies":[{"name":"wp","href":"https:\/\/api.w.org\/{rel}","templated":true}]}}