{"id":1108,"date":"2017-05-23T16:13:20","date_gmt":"2017-05-23T14:13:20","guid":{"rendered":"http:\/\/musedu.at\/?page_id=1108\/"},"modified":"2018-05-16T18:46:00","modified_gmt":"2018-05-16T16:46:00","slug":"partnerships","status":"publish","type":"page","link":"https:\/\/musedu.at\/de\/partnerships\/","title":{"rendered":"Vorteile f\u00fcr Mitglieder"},"content":{"rendered":"<p>Entdecke die Vorz\u00fcge einer MUSEDU Mitgliedschaft und profitiere von unseren Kooperationen! Hier findest du eine Auflistung unserer Partner, welche Musiker unterst\u00fctzen m\u00f6chten und sich auf eine Zusammenarbeit mit dir freuen.<\/p>\n<p>&nbsp;<\/p>\n<div class=\"wc-shortcodes-row wc-shortcodes-item wc-shortcodes-clearfix\">\n<div class=\"wc-shortcodes-column wc-shortcodes-content wc-shortcodes-one-fourth wc-shortcodes-column-first \">\n<p><a href=\"http:\/\/musedu.at\/de\/partners\/demoplus\"><img decoding=\"async\" loading=\"lazy\" class=\"aligncenter wp-image-1426 size-full\" src=\"http:\/\/musedu.at\/wp-content\/uploads\/DemoPlus_Logo_200x200.png\" alt=\"\" width=\"200\" height=\"200\" srcset=\"https:\/\/musedu.at\/wp-content\/uploads\/DemoPlus_Logo_200x200.png 200w, https:\/\/musedu.at\/wp-content\/uploads\/DemoPlus_Logo_200x200-150x150.png 150w\" sizes=\"(max-width: 200px) 100vw, 200px\" \/><\/a><\/p>\n<p style=\"text-align: center;\">Professionelle Studioaufnahmen zu Hause.<\/p>\n<\/div>\n<div class=\"wc-shortcodes-column wc-shortcodes-content wc-shortcodes-one-fourth wc-shortcodes-column- \">\n<p><a href=\"http:\/\/musedu.at\/de\/partners\/ikcouture\/\"><img decoding=\"async\" loading=\"lazy\" class=\"aligncenter wp-image-1457 size-full\" src=\"http:\/\/musedu.at\/wp-content\/uploads\/Koeberl_Logo_200x200.jpg\" alt=\"\" width=\"200\" height=\"200\" srcset=\"https:\/\/musedu.at\/wp-content\/uploads\/Koeberl_Logo_200x200.jpg 200w, https:\/\/musedu.at\/wp-content\/uploads\/Koeberl_Logo_200x200-150x150.jpg 150w\" sizes=\"(max-width: 200px) 100vw, 200px\" \/><\/a><\/p>\n<p style=\"text-align: center;\">Feinste Mode nach Ma\u00df.<\/p>\n<\/div>\n<div class=\"wc-shortcodes-column wc-shortcodes-content wc-shortcodes-one-fourth wc-shortcodes-column- \">\n<p><a href=\"http:\/\/musedu.at\/de\/partners\/metropole\/\"><img decoding=\"async\" loading=\"lazy\" class=\"aligncenter wp-image-1647 size-full\" src=\"http:\/\/musedu.at\/wp-content\/uploads\/Metropole_Logo_200x200.jpg\" alt=\"\" width=\"200\" height=\"200\" srcset=\"https:\/\/musedu.at\/wp-content\/uploads\/Metropole_Logo_200x200.jpg 200w, https:\/\/musedu.at\/wp-content\/uploads\/Metropole_Logo_200x200-150x150.jpg 150w\" sizes=\"(max-width: 200px) 100vw, 200px\" \/><\/a><\/p>\n<p style=\"text-align: center;\">Englischsprachiges Magazin f\u00fcr Weltb\u00fcrger in Wien.<\/p>\n<\/div>\n<div class=\"wc-shortcodes-column wc-shortcodes-content wc-shortcodes-one-fourth wc-shortcodes-column-last \">\n<p><a href=\"http:\/\/musedu.at\/de\/partners\/musictraveler\/\"><img decoding=\"async\" loading=\"lazy\" class=\"aligncenter wp-image-1684 size-full\" src=\"http:\/\/musedu.at\/wp-content\/uploads\/MusicTraveler_Logo_200x200.jpg\" alt=\"\" width=\"200\" height=\"200\" srcset=\"https:\/\/musedu.at\/wp-content\/uploads\/MusicTraveler_Logo_200x200.jpg 200w, https:\/\/musedu.at\/wp-content\/uploads\/MusicTraveler_Logo_200x200-150x150.jpg 150w\" sizes=\"(max-width: 200px) 100vw, 200px\" \/><\/a><\/p>\n<p style=\"text-align: center;\">Raum f\u00fcr deine Musik.<\/p>\n<\/div>\n<\/div>\n<div class=\"wc-shortcodes-row wc-shortcodes-item wc-shortcodes-clearfix\">\n<div class=\"wc-shortcodes-column wc-shortcodes-content wc-shortcodes-one-fourth wc-shortcodes-column-first \">\n<p><a href=\"http:\/\/musedu.at\/de\/partners\/alexmueller\"><img decoding=\"async\" loading=\"lazy\" class=\"aligncenter wp-image-1700 size-full\" src=\"http:\/\/musedu.at\/wp-content\/uploads\/AMueller_Logo_200x200.png\" alt=\"\" width=\"200\" height=\"200\" srcset=\"https:\/\/musedu.at\/wp-content\/uploads\/AMueller_Logo_200x200.png 200w, https:\/\/musedu.at\/wp-content\/uploads\/AMueller_Logo_200x200-150x150.png 150w\" sizes=\"(max-width: 200px) 100vw, 200px\" \/><\/a><\/p>\n<p style=\"text-align: center;\">Profi-Fotos f\u00fcr deinen Auftritt.<\/p>\n<\/div>\n<div class=\"wc-shortcodes-column wc-shortcodes-content wc-shortcodes-one-fourth wc-shortcodes-column- \">\n<p>&nbsp;<\/p>\n<\/div>\n<div class=\"wc-shortcodes-column wc-shortcodes-content wc-shortcodes-one-fourth wc-shortcodes-column- \">\n<p>&nbsp;<\/p>\n<\/div>\n<div class=\"wc-shortcodes-column wc-shortcodes-content wc-shortcodes-one-fourth wc-shortcodes-column-last \">\n<p>&nbsp;<\/p>\n<\/div>\n<\/div>","protected":false},"excerpt":{"rendered":"<p>Entdecke die Vorz\u00fcge einer MUSEDU Mitgliedschaft und profitiere von unseren Kooperationen! Hier findest du eine Auflistung unserer Partner, welche Musiker unterst\u00fctzen m\u00f6chten und sich auf eine Zusammenarbeit mit dir freuen. &nbsp; Professionelle Studioaufnahmen zu Hause. Feinste Mode nach Ma\u00df. Englischsprachiges Magazin f\u00fcr Weltb\u00fcrger in Wien. Raum f\u00fcr deine Musik. Profi-Fotos f\u00fcr deinen Auftritt. &nbsp; &nbsp; &#8230; <a title=\"Vorteile f\u00fcr Mitglieder\" class=\"read-more\" href=\"https:\/\/musedu.at\/de\/partnerships\/\" aria-label=\"Mehr zu Vorteile f\u00fcr Mitglieder\">Weiterlesen &#8230;<\/a><\/p>\n","protected":false},"author":1,"featured_media":0,"parent":0,"menu_order":0,"comment_status":"closed","ping_status":"closed","template":"","meta":{"_monsterinsights_skip_tracking":false,"_monsterinsights_sitenote_active":false,"_monsterinsights_sitenote_note":"","_monsterinsights_sitenote_category":0,"generate_page_header":"","footnotes":""},"_links":{"self":[{"href":"https:\/\/musedu.at\/de\/wp-json\/wp\/v2\/pages\/1108"}],"collection":[{"href":"https:\/\/musedu.at\/de\/wp-json\/wp\/v2\/pages"}],"about":[{"href":"https:\/\/musedu.at\/de\/wp-json\/wp\/v2\/types\/page"}],"author":[{"embeddable":true,"href":"https:\/\/musedu.at\/de\/wp-json\/wp\/v2\/users\/1"}],"replies":[{"embeddable":true,"href":"https:\/\/musedu.at\/de\/wp-json\/wp\/v2\/comments?post=1108"}],"version-history":[{"count":10,"href":"https:\/\/musedu.at\/de\/wp-json\/wp\/v2\/pages\/1108\/revisions"}],"predecessor-version":[{"id":1720,"href":"https:\/\/musedu.at\/de\/wp-json\/wp\/v2\/pages\/1108\/revisions\/1720"}],"wp:attachment":[{"href":"https:\/\/musedu.at\/de\/wp-json\/wp\/v2\/media?parent=1108"}],"curies":[{"name":"wp","href":"https:\/\/api.w.org\/{rel}","templated":true}]}}